{"id":270,"date":"2020-11-19T11:48:13","date_gmt":"2020-11-19T11:48:13","guid":{"rendered":"http:\/\/awa-hotel.ms.decms.eu\/welcome-to-awa-hotel\/"},"modified":"2025-05-13T14:01:54","modified_gmt":"2025-05-13T14:01:54","slug":"welcome-to-awa-hotel","status":"publish","type":"page","link":"https:\/\/www.awa-hotel.com\/de\/","title":{"rendered":"Willkommen im AWA Hotel"},"content":{"rendered":"<p style=\"text-align: center\">Ihr Hotel im Herzen M\u00fcnchens<br \/>\nDas AWA Hotel hat seit M\u00e4rz 2019 seine T\u00fcren f\u00fcr Sie ge\u00f6ffnet<\/p>\n<p style=\"text-align: center\"><img decoding=\"async\" class=\"wp-image-133 aligncenter\" src=\"https:\/\/www.awa-hotel.com\/wp-content\/uploads\/sites\/229\/2021\/02\/awa-logo-png.png\" alt=\"\" width=\"180\" \/><\/p>\n<p style=\"text-align: center\">Das AWA Hotel ist ein 4-Sterne Hotel in M\u00fcnchen, in der N\u00e4he des Hauptbahnhofes. Wir legen gro\u00dfen Wert auf Modernit\u00e4t, Komfort und vor allem auf das Erlebnis unserer G\u00e4ste. Eine gro\u00dfe Zahl von Sehensw\u00fcrdigkeiten sind fu\u00dfl\u00e4ufig von uns aus zu erreichen. Dazu z\u00e4hlen der Marienplatz, Viktualienmarkt und die Theresienwiese.<\/p>\n<p style=\"text-align: center\">Genie\u00dfen Sie Ihren Aufenthalt im AWA Hotel!<\/p>\n<p>&nbsp;<\/p>\n<div style=\"text-align: center\"><\/div>\n<hr \/>\n<h4 style=\"text-align: center\">Hunde sind bei uns herzlich willkommen!<\/h4>\n<p style=\"text-align: center\"><img decoding=\"async\" class=\"aligncenter size-large wp-image-164\" src=\"https:\/\/www.awa-hotel.com\/wp-content\/uploads\/sites\/229\/2021\/02\/April069.jpg\" alt=\"\" width=\"500\" \/><\/p>\n<p style=\"text-align: center\"><strong>Das AWA Hotel ist ein hundefreundliches Hotel.<\/strong><\/p>\n<hr \/>\n<h4 style=\"text-align: center\"><strong>PARKEN<\/strong><\/h4>\n<p>Sie k\u00f6nnen Ihr Auto im City Parkhaus (Senefelderstr. 7-13) f\u00fcr 27,00\u20ac je Tag parken.<br \/>\nDas Parkhaus ist 24\/7 ge\u00f6ffnet und lediglich 300m vom Hotel entfernt.<\/p>\n<p>Eine zweite M\u00f6glichkeit zum Parken gibt es im Sonnenhof Parkhaus, Landwehrstra\u00dfe 10. Das Parkhaus ist 24\/7 ge\u00f6ffnet und 5 Min. zu Fu\u00df vom Hotel entfernt. Die Parkkosten betragen 35,00\u20ac pro Tag.<\/p>\n<div class=\"btns book_btn\"><a href=\"\/de\/location\">Mehr erfahren<\/a><\/div>\n","protected":false},"excerpt":{"rendered":"<p>Ihr Hotel im Herzen M\u00fcnchens Das AWA Hotel hat seit M\u00e4rz 2019 seine T\u00fcren f\u00fcr Sie ge\u00f6ffnet Das AWA Hotel ist ein 4-Sterne Hotel in M\u00fcnchen, in der N\u00e4he des Hauptbahnhofes. Wir legen gro\u00dfen Wert auf Modernit\u00e4t, Komfort und vor allem auf das Erlebnis unserer G\u00e4ste. Eine gro\u00dfe Zahl von Sehensw\u00fcrdigkeiten sind fu\u00dfl\u00e4ufig von uns [&hellip;]<\/p>\n","protected":false},"author":137,"featured_media":0,"parent":0,"menu_order":0,"comment_status":"closed","ping_status":"closed","template":"","meta":{"footnotes":""},"class_list":["post-270","page","type-page","status-publish","hentry"],"yoast_head":"<!-- This site is optimized with the Yoast SEO plugin v26.9 - https:\/\/yoast.com\/product\/yoast-seo-wordpress\/ -->\n<title>Willkommen im AWA Hotel - Awa Hotel - Munich<\/title>\n<meta name=\"description\" content=\"Awa hotel is located in the heart of center of munich. Enjoy you stay in our 4 stars dog friendly hotel and our services: breakfast, lounge, parking.\" \/>\n<meta name=\"robots\" content=\"index, follow, max-snippet:-1, max-image-preview:large, max-video-preview:-1\" \/>\n<link rel=\"canonical\" href=\"https:\/\/www.awa-hotel.com\/de\/\" \/>\n<meta property=\"og:locale\" content=\"de_DE\" \/>\n<meta property=\"og:type\" content=\"article\" \/>\n<meta property=\"og:title\" content=\"Willkommen im AWA Hotel - Awa Hotel - Munich\" \/>\n<meta property=\"og:description\" content=\"Awa hotel is located in the heart of center of munich. Enjoy you stay in our 4 stars dog friendly hotel and our services: breakfast, lounge, parking.\" \/>\n<meta property=\"og:url\" content=\"https:\/\/www.awa-hotel.com\/de\/\" \/>\n<meta property=\"og:site_name\" content=\"Awa Hotel\" \/>\n<meta property=\"article:modified_time\" content=\"2025-05-13T14:01:54+00:00\" \/>\n<meta property=\"og:image\" content=\"https:\/\/www.awa-hotel.com\/wp-content\/uploads\/sites\/229\/2021\/02\/awa-logo-png.png\" \/>\n<meta name=\"twitter:card\" content=\"summary_large_image\" \/>\n<meta name=\"twitter:label1\" content=\"Gesch\u00e4tzte Lesezeit\" \/>\n\t<meta name=\"twitter:data1\" content=\"2 Minuten\" \/>\n<script type=\"application\/ld+json\" class=\"yoast-schema-graph\">{\"@context\":\"https:\/\/schema.org\",\"@graph\":[{\"@type\":\"WebPage\",\"@id\":\"https:\/\/www.awa-hotel.com\/de\/\",\"url\":\"https:\/\/www.awa-hotel.com\/de\/\",\"name\":\"Willkommen im AWA Hotel - Awa Hotel - Munich\",\"isPartOf\":{\"@id\":\"https:\/\/www.awa-hotel.com\/de\/#website\"},\"primaryImageOfPage\":{\"@id\":\"https:\/\/www.awa-hotel.com\/de\/#primaryimage\"},\"image\":{\"@id\":\"https:\/\/www.awa-hotel.com\/de\/#primaryimage\"},\"thumbnailUrl\":\"https:\/\/www.awa-hotel.com\/wp-content\/uploads\/sites\/229\/2021\/02\/awa-logo-png.png\",\"datePublished\":\"2020-11-19T11:48:13+00:00\",\"dateModified\":\"2025-05-13T14:01:54+00:00\",\"description\":\"Awa hotel is located in the heart of center of munich. Enjoy you stay in our 4 stars dog friendly hotel and our services: breakfast, lounge, parking.\",\"breadcrumb\":{\"@id\":\"https:\/\/www.awa-hotel.com\/de\/#breadcrumb\"},\"inLanguage\":\"de-DE\",\"potentialAction\":[{\"@type\":\"ReadAction\",\"target\":[\"https:\/\/www.awa-hotel.com\/de\/\"]}]},{\"@type\":\"ImageObject\",\"inLanguage\":\"de-DE\",\"@id\":\"https:\/\/www.awa-hotel.com\/de\/#primaryimage\",\"url\":\"https:\/\/www.awa-hotel.com\/wp-content\/uploads\/sites\/229\/2021\/02\/awa-logo-png.png\",\"contentUrl\":\"https:\/\/www.awa-hotel.com\/wp-content\/uploads\/sites\/229\/2021\/02\/awa-logo-png.png\"},{\"@type\":\"BreadcrumbList\",\"@id\":\"https:\/\/www.awa-hotel.com\/de\/#breadcrumb\",\"itemListElement\":[{\"@type\":\"ListItem\",\"position\":1,\"name\":\"Home\",\"item\":\"https:\/\/www.awa-hotel.com\/de\/\"},{\"@type\":\"ListItem\",\"position\":2,\"name\":\"Willkommen im AWA Hotel\"}]},{\"@type\":\"WebSite\",\"@id\":\"https:\/\/www.awa-hotel.com\/de\/#website\",\"url\":\"https:\/\/www.awa-hotel.com\/de\/\",\"name\":\"Awa Hotel\",\"description\":\"\",\"potentialAction\":[{\"@type\":\"SearchAction\",\"target\":{\"@type\":\"EntryPoint\",\"urlTemplate\":\"https:\/\/www.awa-hotel.com\/de\/?s={search_term_string}\"},\"query-input\":{\"@type\":\"PropertyValueSpecification\",\"valueRequired\":true,\"valueName\":\"search_term_string\"}}],\"inLanguage\":\"de-DE\"}]}<\/script>\n<!-- \/ Yoast SEO plugin. -->","yoast_head_json":{"title":"Willkommen im AWA Hotel - Awa Hotel - Munich","description":"Awa hotel is located in the heart of center of munich. Enjoy you stay in our 4 stars dog friendly hotel and our services: breakfast, lounge, parking.","robots":{"index":"index","follow":"follow","max-snippet":"max-snippet:-1","max-image-preview":"max-image-preview:large","max-video-preview":"max-video-preview:-1"},"canonical":"https:\/\/www.awa-hotel.com\/de\/","og_locale":"de_DE","og_type":"article","og_title":"Willkommen im AWA Hotel - Awa Hotel - Munich","og_description":"Awa hotel is located in the heart of center of munich. Enjoy you stay in our 4 stars dog friendly hotel and our services: breakfast, lounge, parking.","og_url":"https:\/\/www.awa-hotel.com\/de\/","og_site_name":"Awa Hotel","article_modified_time":"2025-05-13T14:01:54+00:00","og_image":[{"url":"https:\/\/www.awa-hotel.com\/wp-content\/uploads\/sites\/229\/2021\/02\/awa-logo-png.png","type":"","width":"","height":""}],"twitter_card":"summary_large_image","twitter_misc":{"Gesch\u00e4tzte Lesezeit":"2 Minuten"},"schema":{"@context":"https:\/\/schema.org","@graph":[{"@type":"WebPage","@id":"https:\/\/www.awa-hotel.com\/de\/","url":"https:\/\/www.awa-hotel.com\/de\/","name":"Willkommen im AWA Hotel - Awa Hotel - Munich","isPartOf":{"@id":"https:\/\/www.awa-hotel.com\/de\/#website"},"primaryImageOfPage":{"@id":"https:\/\/www.awa-hotel.com\/de\/#primaryimage"},"image":{"@id":"https:\/\/www.awa-hotel.com\/de\/#primaryimage"},"thumbnailUrl":"https:\/\/www.awa-hotel.com\/wp-content\/uploads\/sites\/229\/2021\/02\/awa-logo-png.png","datePublished":"2020-11-19T11:48:13+00:00","dateModified":"2025-05-13T14:01:54+00:00","description":"Awa hotel is located in the heart of center of munich. Enjoy you stay in our 4 stars dog friendly hotel and our services: breakfast, lounge, parking.","breadcrumb":{"@id":"https:\/\/www.awa-hotel.com\/de\/#breadcrumb"},"inLanguage":"de-DE","potentialAction":[{"@type":"ReadAction","target":["https:\/\/www.awa-hotel.com\/de\/"]}]},{"@type":"ImageObject","inLanguage":"de-DE","@id":"https:\/\/www.awa-hotel.com\/de\/#primaryimage","url":"https:\/\/www.awa-hotel.com\/wp-content\/uploads\/sites\/229\/2021\/02\/awa-logo-png.png","contentUrl":"https:\/\/www.awa-hotel.com\/wp-content\/uploads\/sites\/229\/2021\/02\/awa-logo-png.png"},{"@type":"BreadcrumbList","@id":"https:\/\/www.awa-hotel.com\/de\/#breadcrumb","itemListElement":[{"@type":"ListItem","position":1,"name":"Home","item":"https:\/\/www.awa-hotel.com\/de\/"},{"@type":"ListItem","position":2,"name":"Willkommen im AWA Hotel"}]},{"@type":"WebSite","@id":"https:\/\/www.awa-hotel.com\/de\/#website","url":"https:\/\/www.awa-hotel.com\/de\/","name":"Awa Hotel","description":"","potentialAction":[{"@type":"SearchAction","target":{"@type":"EntryPoint","urlTemplate":"https:\/\/www.awa-hotel.com\/de\/?s={search_term_string}"},"query-input":{"@type":"PropertyValueSpecification","valueRequired":true,"valueName":"search_term_string"}}],"inLanguage":"de-DE"}]}},"acf":[],"_links":{"self":[{"href":"https:\/\/www.awa-hotel.com\/de\/wp-json\/wp\/v2\/pages\/270","targetHints":{"allow":["GET"]}}],"collection":[{"href":"https:\/\/www.awa-hotel.com\/de\/wp-json\/wp\/v2\/pages"}],"about":[{"href":"https:\/\/www.awa-hotel.com\/de\/wp-json\/wp\/v2\/types\/page"}],"author":[{"embeddable":true,"href":"https:\/\/www.awa-hotel.com\/de\/wp-json\/wp\/v2\/users\/137"}],"replies":[{"embeddable":true,"href":"https:\/\/www.awa-hotel.com\/de\/wp-json\/wp\/v2\/comments?post=270"}],"version-history":[{"count":0,"href":"https:\/\/www.awa-hotel.com\/de\/wp-json\/wp\/v2\/pages\/270\/revisions"}],"wp:attachment":[{"href":"https:\/\/www.awa-hotel.com\/de\/wp-json\/wp\/v2\/media?parent=270"}],"curies":[{"name":"wp","href":"https:\/\/api.w.org\/{rel}","templated":true}]}}