{"id":271,"date":"2020-11-19T11:54:00","date_gmt":"2020-11-19T11:54:00","guid":{"rendered":"http:\/\/awa-hotel.ms.decms.eu\/about-awa\/"},"modified":"2021-02-03T14:08:54","modified_gmt":"2021-02-03T14:08:54","slug":"ueber-awa","status":"publish","type":"page","link":"https:\/\/www.awa-hotel.com\/de\/ueber-awa\/","title":{"rendered":"\u00dcber AWA"},"content":{"rendered":"<p>AWA ist ein modernes, elegantes und komfortables Hotel mitten im M\u00fcnchner Zentrum. Unsere Zimmer sind luxuri\u00f6s und f\u00fcr einen gutem Start in den Tag bieten wir ein vitales gesundes Fr\u00fchst\u00fcck an.<\/p>\n<p>Wir sind ein privat gef\u00fchrtes einzigartiges Juwel, welches es nirgendwo sonst so gibt, denn unser Konzept ist weit mehr als ein Hotel. Die Welt ist sch\u00f6n und wir wollen diese Sch\u00f6nheit behalten, wahren und zu sch\u00e4tzen wissen. F\u00fchlen Sie sich wie zu Hause bei Mama, denn wir verw\u00f6hnen Sie.<\/p>\n","protected":false},"excerpt":{"rendered":"<p>AWA ist ein modernes, elegantes und komfortables Hotel mitten im M\u00fcnchner Zentrum. Unsere Zimmer sind luxuri\u00f6s und f\u00fcr einen gutem Start in den Tag bieten wir ein vitales gesundes Fr\u00fchst\u00fcck an. Wir sind ein privat gef\u00fchrtes einzigartiges Juwel, welches es nirgendwo sonst so gibt, denn unser Konzept ist weit mehr als ein Hotel. Die Welt [&hellip;]<\/p>\n","protected":false},"author":137,"featured_media":0,"parent":0,"menu_order":10,"comment_status":"closed","ping_status":"closed","template":"","meta":{"footnotes":""},"class_list":["post-271","page","type-page","status-publish","hentry"],"yoast_head":"<!-- This site is optimized with the Yoast SEO plugin v26.9 - https:\/\/yoast.com\/product\/yoast-seo-wordpress\/ -->\n<title>\u00dcber AWA - Awa Hotel<\/title>\n<meta name=\"robots\" content=\"index, follow, max-snippet:-1, max-image-preview:large, max-video-preview:-1\" \/>\n<link rel=\"canonical\" href=\"https:\/\/www.awa-hotel.com\/de\/ueber-awa\/\" \/>\n<meta property=\"og:locale\" content=\"de_DE\" \/>\n<meta property=\"og:type\" content=\"article\" \/>\n<meta property=\"og:title\" content=\"\u00dcber AWA - Awa Hotel\" \/>\n<meta property=\"og:description\" content=\"AWA ist ein modernes, elegantes und komfortables Hotel mitten im M\u00fcnchner Zentrum. Unsere Zimmer sind luxuri\u00f6s und f\u00fcr einen gutem Start in den Tag bieten wir ein vitales gesundes Fr\u00fchst\u00fcck an. Wir sind ein privat gef\u00fchrtes einzigartiges Juwel, welches es nirgendwo sonst so gibt, denn unser Konzept ist weit mehr als ein Hotel. Die Welt [&hellip;]\" \/>\n<meta property=\"og:url\" content=\"https:\/\/www.awa-hotel.com\/de\/ueber-awa\/\" \/>\n<meta property=\"og:site_name\" content=\"Awa Hotel\" \/>\n<meta property=\"article:modified_time\" content=\"2021-02-03T14:08:54+00:00\" \/>\n<meta name=\"twitter:card\" content=\"summary_large_image\" \/>\n<script type=\"application\/ld+json\" class=\"yoast-schema-graph\">{\"@context\":\"https:\/\/schema.org\",\"@graph\":[{\"@type\":\"WebPage\",\"@id\":\"https:\/\/www.awa-hotel.com\/de\/ueber-awa\/\",\"url\":\"https:\/\/www.awa-hotel.com\/de\/ueber-awa\/\",\"name\":\"\u00dcber AWA - Awa Hotel\",\"isPartOf\":{\"@id\":\"https:\/\/www.awa-hotel.com\/de\/#website\"},\"datePublished\":\"2020-11-19T11:54:00+00:00\",\"dateModified\":\"2021-02-03T14:08:54+00:00\",\"breadcrumb\":{\"@id\":\"https:\/\/www.awa-hotel.com\/de\/ueber-awa\/#breadcrumb\"},\"inLanguage\":\"de-DE\",\"potentialAction\":[{\"@type\":\"ReadAction\",\"target\":[\"https:\/\/www.awa-hotel.com\/de\/ueber-awa\/\"]}]},{\"@type\":\"BreadcrumbList\",\"@id\":\"https:\/\/www.awa-hotel.com\/de\/ueber-awa\/#breadcrumb\",\"itemListElement\":[{\"@type\":\"ListItem\",\"position\":1,\"name\":\"Home\",\"item\":\"https:\/\/www.awa-hotel.com\/de\/\"},{\"@type\":\"ListItem\",\"position\":2,\"name\":\"\u00dcber AWA\"}]},{\"@type\":\"WebSite\",\"@id\":\"https:\/\/www.awa-hotel.com\/de\/#website\",\"url\":\"https:\/\/www.awa-hotel.com\/de\/\",\"name\":\"Awa Hotel\",\"description\":\"\",\"potentialAction\":[{\"@type\":\"SearchAction\",\"target\":{\"@type\":\"EntryPoint\",\"urlTemplate\":\"https:\/\/www.awa-hotel.com\/de\/?s={search_term_string}\"},\"query-input\":{\"@type\":\"PropertyValueSpecification\",\"valueRequired\":true,\"valueName\":\"search_term_string\"}}],\"inLanguage\":\"de-DE\"}]}<\/script>\n<!-- \/ Yoast SEO plugin. -->","yoast_head_json":{"title":"\u00dcber AWA - Awa Hotel","robots":{"index":"index","follow":"follow","max-snippet":"max-snippet:-1","max-image-preview":"max-image-preview:large","max-video-preview":"max-video-preview:-1"},"canonical":"https:\/\/www.awa-hotel.com\/de\/ueber-awa\/","og_locale":"de_DE","og_type":"article","og_title":"\u00dcber AWA - Awa Hotel","og_description":"AWA ist ein modernes, elegantes und komfortables Hotel mitten im M\u00fcnchner Zentrum. Unsere Zimmer sind luxuri\u00f6s und f\u00fcr einen gutem Start in den Tag bieten wir ein vitales gesundes Fr\u00fchst\u00fcck an. Wir sind ein privat gef\u00fchrtes einzigartiges Juwel, welches es nirgendwo sonst so gibt, denn unser Konzept ist weit mehr als ein Hotel. Die Welt [&hellip;]","og_url":"https:\/\/www.awa-hotel.com\/de\/ueber-awa\/","og_site_name":"Awa Hotel","article_modified_time":"2021-02-03T14:08:54+00:00","twitter_card":"summary_large_image","schema":{"@context":"https:\/\/schema.org","@graph":[{"@type":"WebPage","@id":"https:\/\/www.awa-hotel.com\/de\/ueber-awa\/","url":"https:\/\/www.awa-hotel.com\/de\/ueber-awa\/","name":"\u00dcber AWA - Awa Hotel","isPartOf":{"@id":"https:\/\/www.awa-hotel.com\/de\/#website"},"datePublished":"2020-11-19T11:54:00+00:00","dateModified":"2021-02-03T14:08:54+00:00","breadcrumb":{"@id":"https:\/\/www.awa-hotel.com\/de\/ueber-awa\/#breadcrumb"},"inLanguage":"de-DE","potentialAction":[{"@type":"ReadAction","target":["https:\/\/www.awa-hotel.com\/de\/ueber-awa\/"]}]},{"@type":"BreadcrumbList","@id":"https:\/\/www.awa-hotel.com\/de\/ueber-awa\/#breadcrumb","itemListElement":[{"@type":"ListItem","position":1,"name":"Home","item":"https:\/\/www.awa-hotel.com\/de\/"},{"@type":"ListItem","position":2,"name":"\u00dcber AWA"}]},{"@type":"WebSite","@id":"https:\/\/www.awa-hotel.com\/de\/#website","url":"https:\/\/www.awa-hotel.com\/de\/","name":"Awa Hotel","description":"","potentialAction":[{"@type":"SearchAction","target":{"@type":"EntryPoint","urlTemplate":"https:\/\/www.awa-hotel.com\/de\/?s={search_term_string}"},"query-input":{"@type":"PropertyValueSpecification","valueRequired":true,"valueName":"search_term_string"}}],"inLanguage":"de-DE"}]}},"acf":[],"_links":{"self":[{"href":"https:\/\/www.awa-hotel.com\/de\/wp-json\/wp\/v2\/pages\/271","targetHints":{"allow":["GET"]}}],"collection":[{"href":"https:\/\/www.awa-hotel.com\/de\/wp-json\/wp\/v2\/pages"}],"about":[{"href":"https:\/\/www.awa-hotel.com\/de\/wp-json\/wp\/v2\/types\/page"}],"author":[{"embeddable":true,"href":"https:\/\/www.awa-hotel.com\/de\/wp-json\/wp\/v2\/users\/137"}],"replies":[{"embeddable":true,"href":"https:\/\/www.awa-hotel.com\/de\/wp-json\/wp\/v2\/comments?post=271"}],"version-history":[{"count":0,"href":"https:\/\/www.awa-hotel.com\/de\/wp-json\/wp\/v2\/pages\/271\/revisions"}],"wp:attachment":[{"href":"https:\/\/www.awa-hotel.com\/de\/wp-json\/wp\/v2\/media?parent=271"}],"curies":[{"name":"wp","href":"https:\/\/api.w.org\/{rel}","templated":true}]}}