{"id":272,"date":"2020-11-19T11:55:43","date_gmt":"2020-11-19T11:55:43","guid":{"rendered":"http:\/\/awa-hotel.ms.decms.eu\/about-awa\/founder-of-awa-hotel\/"},"modified":"2024-03-14T14:50:03","modified_gmt":"2024-03-14T14:50:03","slug":"gruenderin","status":"publish","type":"page","link":"https:\/\/www.awa-hotel.com\/de\/ueber-awa\/gruenderin\/","title":{"rendered":"Unsere Gr\u00fcnderin"},"content":{"rendered":"<p style=\"text-align: center\">Ich hatte eigentlich nie vor ein Hotel zu er\u00f6ffnen. Lieber etwas musikalisches wie Operns\u00e4ngerin. Das sagt wohl einiges.<\/p>\n<p><img loading=\"lazy\" decoding=\"async\" class=\"alignleft wp-image-69\" src=\"http:\/\/awa-hotel.ms.decms.eu\/wp-content\/uploads\/sites\/229\/2020\/11\/Gross-4-682x1024.jpg\" alt=\"\" width=\"400\" height=\"600\" srcset=\"https:\/\/www.awa-hotel.com\/wp-content\/uploads\/sites\/229\/2020\/11\/Gross-4-682x1024.jpg 682w, https:\/\/www.awa-hotel.com\/wp-content\/uploads\/sites\/229\/2020\/11\/Gross-4-200x300.jpg 200w, https:\/\/www.awa-hotel.com\/wp-content\/uploads\/sites\/229\/2020\/11\/Gross-4-768x1153.jpg 768w, https:\/\/www.awa-hotel.com\/wp-content\/uploads\/sites\/229\/2020\/11\/Gross-4-1024x1536.jpg 1024w, https:\/\/www.awa-hotel.com\/wp-content\/uploads\/sites\/229\/2020\/11\/Gross-4-1365x2048.jpg 1365w, https:\/\/www.awa-hotel.com\/wp-content\/uploads\/sites\/229\/2020\/11\/Gross-4-400x600.jpg 400w, https:\/\/www.awa-hotel.com\/wp-content\/uploads\/sites\/229\/2020\/11\/Gross-4-1000x1501.jpg 1000w, https:\/\/www.awa-hotel.com\/wp-content\/uploads\/sites\/229\/2020\/11\/Gross-4-100x150.jpg 100w, https:\/\/www.awa-hotel.com\/wp-content\/uploads\/sites\/229\/2020\/11\/Gross-4-67x100.jpg 67w, https:\/\/www.awa-hotel.com\/wp-content\/uploads\/sites\/229\/2020\/11\/Gross-4.jpg 1400w\" sizes=\"auto, (max-width: 400px) 100vw, 400px\" \/><\/p>\n<p>&nbsp;<\/p>\n<p>Anstelle der klassischen Hotel-Ausbildung habe ich mich f\u00fcr das Studium begeistert. Neben dem Bachelor an der IU Bad Reichenhall durfte ich die Northern Arizona University besuchen und habe schlie\u00dflich 2021 auch endlich den berufsbegleitenden Master of Science in Wirtschaftspsychologie an der FOM M\u00fcnchen erhalten. Reisen und neue Herausforderungen sind meine Leidenschaft, gleich nach meinen Hunden oder Tieren im Allgemeinen. Ich liebe Tiere.<\/p>\n<p>Nebenbei habe ich selbstverst\u00e4ndlich regelm\u00e4\u00dfig im Hotel meiner Eltern geholfen- das z\u00e4hlte aber als Freizeit. Sowieso geht es immer um das Gesch\u00e4ft- egal ob Weihnachten oder Geburtstag. Zum Gl\u00fcck durfte ich auch bei anderen Betrieben diverse Erfahrungen sammeln, darunter die M\u00fcnchner Hotels A-Loft, K\u00f6nigshof, Bayerischer Hof und das Ritz Carlton in Barcelona, bis ich dann als noch Studentin das AWA er\u00f6ffnete. Diese \u00dcberschneidung war definitiv anstrengend, aber ich bin sehr dankbar f\u00fcr die Chance und h\u00e4tte mir das nie verzeihen k\u00f6nnen, wenn ich diese nicht ergriffen h\u00e4tte. Studieren kann man sp\u00e4ter- und am Ende habe auch ich es trotz Hotel geschafft. Und ich habe definitiv noch viel vor. AWA Hotel klingt doch nach einer internationalen Hotel-Kette.<\/p>\n<p>Die Idee des eigenen Hotels entwickelte sich vor allem durch meinen Vater. Er schw\u00e4rmte immer von seiner Arbeit im Hotel oder auf dem Schiff, liebte den Flair und die Atmosph\u00e4re, wenn man durch die Flure schlendert und den Kontakt zu Menschen aus verschiedenen L\u00e4ndern. Seine ersten Bewerbungen sendete er an die M\u00fcnchner Luxus-Hotels und durfte dann im Vierjahreszeiten eine Ausbildung beginnen. Mit seiner Euphorie hat er mich schnell angesteckt, h\u00e4tte allerdings wohl auch keine Alternative akzeptiert. Spa\u00df beiseite. Ihm verdankt meine Familie, dass wir heute 2 Hotels, haben- und das war bei weitem nicht einfach.<\/p>\n<p><img loading=\"lazy\" decoding=\"async\" class=\"alignright wp-image-68\" src=\"http:\/\/awa-hotel.ms.decms.eu\/wp-content\/uploads\/sites\/229\/2020\/11\/Gross-2-682x1024.jpg\" alt=\"\" width=\"400\" height=\"600\" srcset=\"https:\/\/www.awa-hotel.com\/wp-content\/uploads\/sites\/229\/2020\/11\/Gross-2-682x1024.jpg 682w, https:\/\/www.awa-hotel.com\/wp-content\/uploads\/sites\/229\/2020\/11\/Gross-2-200x300.jpg 200w, https:\/\/www.awa-hotel.com\/wp-content\/uploads\/sites\/229\/2020\/11\/Gross-2-768x1153.jpg 768w, https:\/\/www.awa-hotel.com\/wp-content\/uploads\/sites\/229\/2020\/11\/Gross-2-1024x1536.jpg 1024w, https:\/\/www.awa-hotel.com\/wp-content\/uploads\/sites\/229\/2020\/11\/Gross-2-1365x2048.jpg 1365w, https:\/\/www.awa-hotel.com\/wp-content\/uploads\/sites\/229\/2020\/11\/Gross-2-400x600.jpg 400w, https:\/\/www.awa-hotel.com\/wp-content\/uploads\/sites\/229\/2020\/11\/Gross-2-1000x1501.jpg 1000w, https:\/\/www.awa-hotel.com\/wp-content\/uploads\/sites\/229\/2020\/11\/Gross-2-100x150.jpg 100w, https:\/\/www.awa-hotel.com\/wp-content\/uploads\/sites\/229\/2020\/11\/Gross-2-67x100.jpg 67w, https:\/\/www.awa-hotel.com\/wp-content\/uploads\/sites\/229\/2020\/11\/Gross-2.jpg 1400w\" sizes=\"auto, (max-width: 400px) 100vw, 400px\" \/><\/p>\n<p>Erst musste er sich einer finanziellen Herausforderung stellen, der sich sonst niemand stellen wollte. Und ohne die flei\u00dfige Ehefrau und Mutter, Marina Wandinger, die seit 1993 eigenst\u00e4ndig das Hotel Condor leitet, h\u00e4tte das auch nicht funktioniert. Nicht mal Toiletten hatte das Haus damals als meine Mutter es \u00fcbernahm. Sie ist definitiv mein gr\u00f6\u00dftes Vorbild, wenn ich an meine Karriere denke. Selbst heute rufe ich, wenn ich einen Rat brauche bei ihr an, die mir dann entspannt sagt, \u201each mach das doch einfach so&#8220;. Sie hat wirklich immer eine L\u00f6sung parat.<br \/>\nAWA stand \u00fcbrigens urspr\u00fcnglich f\u00fcr Anton Wandinger, denn dies war sein Durchbruch. Das heutige AWA Konzept entstand dann irgendwie auf dem Weg. Und ohne seinen guten Namen h\u00e4tte ich auch niemals den Kredit aufnehmen k\u00f6nnen, den ich dringend brauchte, um das Hotel aufzubauen. Daher an dieser Stelle Danke vielmals f\u00fcr die Unterst\u00fctzung an Marina und Tony.<\/p>\n","protected":false},"excerpt":{"rendered":"<p>Ich hatte eigentlich nie vor ein Hotel zu er\u00f6ffnen. Lieber etwas musikalisches wie Operns\u00e4ngerin. Das sagt wohl einiges. &nbsp; Anstelle der klassischen Hotel-Ausbildung habe ich mich f\u00fcr das Studium begeistert. Neben dem Bachelor an der IU Bad Reichenhall durfte ich die Northern Arizona University besuchen und habe schlie\u00dflich 2021 auch endlich den berufsbegleitenden Master of [&hellip;]<\/p>\n","protected":false},"author":137,"featured_media":0,"parent":271,"menu_order":0,"comment_status":"closed","ping_status":"closed","template":"template-default-page.php","meta":{"footnotes":""},"class_list":["post-272","page","type-page","status-publish","hentry"],"yoast_head":"<!-- This site is optimized with the Yoast SEO plugin v26.9 - https:\/\/yoast.com\/product\/yoast-seo-wordpress\/ -->\n<title>Unsere Gr\u00fcnderin - Awa Hotel<\/title>\n<meta name=\"robots\" content=\"index, follow, max-snippet:-1, max-image-preview:large, max-video-preview:-1\" \/>\n<link rel=\"canonical\" href=\"https:\/\/www.awa-hotel.com\/de\/ueber-awa\/gruenderin\/\" \/>\n<meta property=\"og:locale\" content=\"de_DE\" \/>\n<meta property=\"og:type\" content=\"article\" \/>\n<meta property=\"og:title\" content=\"Unsere Gr\u00fcnderin - Awa Hotel\" \/>\n<meta property=\"og:description\" content=\"Ich hatte eigentlich nie vor ein Hotel zu er\u00f6ffnen. Lieber etwas musikalisches wie Operns\u00e4ngerin. Das sagt wohl einiges. &nbsp; Anstelle der klassischen Hotel-Ausbildung habe ich mich f\u00fcr das Studium begeistert. Neben dem Bachelor an der IU Bad Reichenhall durfte ich die Northern Arizona University besuchen und habe schlie\u00dflich 2021 auch endlich den berufsbegleitenden Master of [&hellip;]\" \/>\n<meta property=\"og:url\" content=\"https:\/\/www.awa-hotel.com\/de\/ueber-awa\/gruenderin\/\" \/>\n<meta property=\"og:site_name\" content=\"Awa Hotel\" \/>\n<meta property=\"article:modified_time\" content=\"2024-03-14T14:50:03+00:00\" \/>\n<meta property=\"og:image\" content=\"http:\/\/awa-hotel.ms.decms.eu\/wp-content\/uploads\/sites\/229\/2020\/11\/Gross-4-682x1024.jpg\" \/>\n<meta name=\"twitter:card\" content=\"summary_large_image\" \/>\n<meta name=\"twitter:label1\" content=\"Gesch\u00e4tzte Lesezeit\" \/>\n\t<meta name=\"twitter:data1\" content=\"2 Minuten\" \/>\n<script type=\"application\/ld+json\" class=\"yoast-schema-graph\">{\"@context\":\"https:\/\/schema.org\",\"@graph\":[{\"@type\":\"WebPage\",\"@id\":\"https:\/\/www.awa-hotel.com\/de\/ueber-awa\/gruenderin\/\",\"url\":\"https:\/\/www.awa-hotel.com\/de\/ueber-awa\/gruenderin\/\",\"name\":\"Unsere Gr\u00fcnderin - Awa Hotel\",\"isPartOf\":{\"@id\":\"https:\/\/www.awa-hotel.com\/de\/#website\"},\"primaryImageOfPage\":{\"@id\":\"https:\/\/www.awa-hotel.com\/de\/ueber-awa\/gruenderin\/#primaryimage\"},\"image\":{\"@id\":\"https:\/\/www.awa-hotel.com\/de\/ueber-awa\/gruenderin\/#primaryimage\"},\"thumbnailUrl\":\"http:\/\/awa-hotel.ms.decms.eu\/wp-content\/uploads\/sites\/229\/2020\/11\/Gross-4-682x1024.jpg\",\"datePublished\":\"2020-11-19T11:55:43+00:00\",\"dateModified\":\"2024-03-14T14:50:03+00:00\",\"breadcrumb\":{\"@id\":\"https:\/\/www.awa-hotel.com\/de\/ueber-awa\/gruenderin\/#breadcrumb\"},\"inLanguage\":\"de-DE\",\"potentialAction\":[{\"@type\":\"ReadAction\",\"target\":[\"https:\/\/www.awa-hotel.com\/de\/ueber-awa\/gruenderin\/\"]}]},{\"@type\":\"ImageObject\",\"inLanguage\":\"de-DE\",\"@id\":\"https:\/\/www.awa-hotel.com\/de\/ueber-awa\/gruenderin\/#primaryimage\",\"url\":\"http:\/\/awa-hotel.ms.decms.eu\/wp-content\/uploads\/sites\/229\/2020\/11\/Gross-4-682x1024.jpg\",\"contentUrl\":\"http:\/\/awa-hotel.ms.decms.eu\/wp-content\/uploads\/sites\/229\/2020\/11\/Gross-4-682x1024.jpg\"},{\"@type\":\"BreadcrumbList\",\"@id\":\"https:\/\/www.awa-hotel.com\/de\/ueber-awa\/gruenderin\/#breadcrumb\",\"itemListElement\":[{\"@type\":\"ListItem\",\"position\":1,\"name\":\"Home\",\"item\":\"https:\/\/www.awa-hotel.com\/de\/\"},{\"@type\":\"ListItem\",\"position\":2,\"name\":\"\u00dcber AWA\",\"item\":\"https:\/\/www.awa-hotel.com\/de\/ueber-awa\/\"},{\"@type\":\"ListItem\",\"position\":3,\"name\":\"Unsere Gr\u00fcnderin\"}]},{\"@type\":\"WebSite\",\"@id\":\"https:\/\/www.awa-hotel.com\/de\/#website\",\"url\":\"https:\/\/www.awa-hotel.com\/de\/\",\"name\":\"Awa Hotel\",\"description\":\"\",\"potentialAction\":[{\"@type\":\"SearchAction\",\"target\":{\"@type\":\"EntryPoint\",\"urlTemplate\":\"https:\/\/www.awa-hotel.com\/de\/?s={search_term_string}\"},\"query-input\":{\"@type\":\"PropertyValueSpecification\",\"valueRequired\":true,\"valueName\":\"search_term_string\"}}],\"inLanguage\":\"de-DE\"}]}<\/script>\n<!-- \/ Yoast SEO plugin. -->","yoast_head_json":{"title":"Unsere Gr\u00fcnderin - Awa Hotel","robots":{"index":"index","follow":"follow","max-snippet":"max-snippet:-1","max-image-preview":"max-image-preview:large","max-video-preview":"max-video-preview:-1"},"canonical":"https:\/\/www.awa-hotel.com\/de\/ueber-awa\/gruenderin\/","og_locale":"de_DE","og_type":"article","og_title":"Unsere Gr\u00fcnderin - Awa Hotel","og_description":"Ich hatte eigentlich nie vor ein Hotel zu er\u00f6ffnen. Lieber etwas musikalisches wie Operns\u00e4ngerin. Das sagt wohl einiges. &nbsp; Anstelle der klassischen Hotel-Ausbildung habe ich mich f\u00fcr das Studium begeistert. Neben dem Bachelor an der IU Bad Reichenhall durfte ich die Northern Arizona University besuchen und habe schlie\u00dflich 2021 auch endlich den berufsbegleitenden Master of [&hellip;]","og_url":"https:\/\/www.awa-hotel.com\/de\/ueber-awa\/gruenderin\/","og_site_name":"Awa Hotel","article_modified_time":"2024-03-14T14:50:03+00:00","og_image":[{"url":"http:\/\/awa-hotel.ms.decms.eu\/wp-content\/uploads\/sites\/229\/2020\/11\/Gross-4-682x1024.jpg","type":"","width":"","height":""}],"twitter_card":"summary_large_image","twitter_misc":{"Gesch\u00e4tzte Lesezeit":"2 Minuten"},"schema":{"@context":"https:\/\/schema.org","@graph":[{"@type":"WebPage","@id":"https:\/\/www.awa-hotel.com\/de\/ueber-awa\/gruenderin\/","url":"https:\/\/www.awa-hotel.com\/de\/ueber-awa\/gruenderin\/","name":"Unsere Gr\u00fcnderin - Awa Hotel","isPartOf":{"@id":"https:\/\/www.awa-hotel.com\/de\/#website"},"primaryImageOfPage":{"@id":"https:\/\/www.awa-hotel.com\/de\/ueber-awa\/gruenderin\/#primaryimage"},"image":{"@id":"https:\/\/www.awa-hotel.com\/de\/ueber-awa\/gruenderin\/#primaryimage"},"thumbnailUrl":"http:\/\/awa-hotel.ms.decms.eu\/wp-content\/uploads\/sites\/229\/2020\/11\/Gross-4-682x1024.jpg","datePublished":"2020-11-19T11:55:43+00:00","dateModified":"2024-03-14T14:50:03+00:00","breadcrumb":{"@id":"https:\/\/www.awa-hotel.com\/de\/ueber-awa\/gruenderin\/#breadcrumb"},"inLanguage":"de-DE","potentialAction":[{"@type":"ReadAction","target":["https:\/\/www.awa-hotel.com\/de\/ueber-awa\/gruenderin\/"]}]},{"@type":"ImageObject","inLanguage":"de-DE","@id":"https:\/\/www.awa-hotel.com\/de\/ueber-awa\/gruenderin\/#primaryimage","url":"http:\/\/awa-hotel.ms.decms.eu\/wp-content\/uploads\/sites\/229\/2020\/11\/Gross-4-682x1024.jpg","contentUrl":"http:\/\/awa-hotel.ms.decms.eu\/wp-content\/uploads\/sites\/229\/2020\/11\/Gross-4-682x1024.jpg"},{"@type":"BreadcrumbList","@id":"https:\/\/www.awa-hotel.com\/de\/ueber-awa\/gruenderin\/#breadcrumb","itemListElement":[{"@type":"ListItem","position":1,"name":"Home","item":"https:\/\/www.awa-hotel.com\/de\/"},{"@type":"ListItem","position":2,"name":"\u00dcber AWA","item":"https:\/\/www.awa-hotel.com\/de\/ueber-awa\/"},{"@type":"ListItem","position":3,"name":"Unsere Gr\u00fcnderin"}]},{"@type":"WebSite","@id":"https:\/\/www.awa-hotel.com\/de\/#website","url":"https:\/\/www.awa-hotel.com\/de\/","name":"Awa Hotel","description":"","potentialAction":[{"@type":"SearchAction","target":{"@type":"EntryPoint","urlTemplate":"https:\/\/www.awa-hotel.com\/de\/?s={search_term_string}"},"query-input":{"@type":"PropertyValueSpecification","valueRequired":true,"valueName":"search_term_string"}}],"inLanguage":"de-DE"}]}},"acf":[],"_links":{"self":[{"href":"https:\/\/www.awa-hotel.com\/de\/wp-json\/wp\/v2\/pages\/272","targetHints":{"allow":["GET"]}}],"collection":[{"href":"https:\/\/www.awa-hotel.com\/de\/wp-json\/wp\/v2\/pages"}],"about":[{"href":"https:\/\/www.awa-hotel.com\/de\/wp-json\/wp\/v2\/types\/page"}],"author":[{"embeddable":true,"href":"https:\/\/www.awa-hotel.com\/de\/wp-json\/wp\/v2\/users\/137"}],"replies":[{"embeddable":true,"href":"https:\/\/www.awa-hotel.com\/de\/wp-json\/wp\/v2\/comments?post=272"}],"version-history":[{"count":0,"href":"https:\/\/www.awa-hotel.com\/de\/wp-json\/wp\/v2\/pages\/272\/revisions"}],"up":[{"embeddable":true,"href":"https:\/\/www.awa-hotel.com\/de\/wp-json\/wp\/v2\/pages\/271"}],"wp:attachment":[{"href":"https:\/\/www.awa-hotel.com\/de\/wp-json\/wp\/v2\/media?parent=272"}],"curies":[{"name":"wp","href":"https:\/\/api.w.org\/{rel}","templated":true}]}}