{"id":277,"date":"2021-01-14T16:58:42","date_gmt":"2021-01-14T16:58:42","guid":{"rendered":"http:\/\/awa-hotel.ms.decms.eu\/about-awa\/press\/power-woman-whirls-up-munichs-hotel-industry\/"},"modified":"2021-02-03T14:58:24","modified_gmt":"2021-02-03T14:58:24","slug":"powerfrau-wirbelt-muenchens-hotellerie-auf","status":"publish","type":"page","link":"https:\/\/www.awa-hotel.com\/de\/ueber-awa\/presse\/powerfrau-wirbelt-muenchens-hotellerie-auf\/","title":{"rendered":"Powerfrau wirbelt M\u00fcnchens Hotellerie auf"},"content":{"rendered":"<p>Anita Wandinger f\u00fchrt seit Jahresbeginn das Awa-Hotel in der bayerischen Landeshauptstadt. Die 28-J\u00e4hrige hat das fr\u00fchere Conrad-Hotel de Ville nach ihren Vorstellungen umgestaltet.<\/p>\n<p><a href=\"https:\/\/www.ahgz.de\/news\/karriere-powerfrau-wirbelt-muenchens-hotellerie-auf,200012258301.html\" target=\"_blank\" rel=\"noopener noreferrer\">Lesen Sie weiter:<\/a><\/p>\n","protected":false},"excerpt":{"rendered":"<p>Anita Wandinger f\u00fchrt seit Jahresbeginn das Awa-Hotel in der bayerischen Landeshauptstadt. Die 28-J\u00e4hrige hat das fr\u00fchere Conrad-Hotel de Ville nach ihren Vorstellungen umgestaltet. Lesen Sie weiter:<\/p>\n","protected":false},"author":137,"featured_media":0,"parent":274,"menu_order":10,"comment_status":"closed","ping_status":"closed","template":"","meta":{"footnotes":""},"class_list":["post-277","page","type-page","status-publish","hentry"],"yoast_head":"<!-- This site is optimized with the Yoast SEO plugin v26.9 - https:\/\/yoast.com\/product\/yoast-seo-wordpress\/ -->\n<title>Powerfrau wirbelt M\u00fcnchens Hotellerie auf - Awa Hotel<\/title>\n<meta name=\"robots\" content=\"index, follow, max-snippet:-1, max-image-preview:large, max-video-preview:-1\" \/>\n<link rel=\"canonical\" href=\"https:\/\/www.awa-hotel.com\/de\/ueber-awa\/presse\/powerfrau-wirbelt-muenchens-hotellerie-auf\/\" \/>\n<meta property=\"og:locale\" content=\"de_DE\" \/>\n<meta property=\"og:type\" content=\"article\" \/>\n<meta property=\"og:title\" content=\"Powerfrau wirbelt M\u00fcnchens Hotellerie auf - Awa Hotel\" \/>\n<meta property=\"og:description\" content=\"Anita Wandinger f\u00fchrt seit Jahresbeginn das Awa-Hotel in der bayerischen Landeshauptstadt. Die 28-J\u00e4hrige hat das fr\u00fchere Conrad-Hotel de Ville nach ihren Vorstellungen umgestaltet. Lesen Sie weiter:\" \/>\n<meta property=\"og:url\" content=\"https:\/\/www.awa-hotel.com\/de\/ueber-awa\/presse\/powerfrau-wirbelt-muenchens-hotellerie-auf\/\" \/>\n<meta property=\"og:site_name\" content=\"Awa Hotel\" \/>\n<meta property=\"article:modified_time\" content=\"2021-02-03T14:58:24+00:00\" \/>\n<meta name=\"twitter:card\" content=\"summary_large_image\" \/>\n<script type=\"application\/ld+json\" class=\"yoast-schema-graph\">{\"@context\":\"https:\/\/schema.org\",\"@graph\":[{\"@type\":\"WebPage\",\"@id\":\"https:\/\/www.awa-hotel.com\/de\/ueber-awa\/presse\/powerfrau-wirbelt-muenchens-hotellerie-auf\/\",\"url\":\"https:\/\/www.awa-hotel.com\/de\/ueber-awa\/presse\/powerfrau-wirbelt-muenchens-hotellerie-auf\/\",\"name\":\"Powerfrau wirbelt M\u00fcnchens Hotellerie auf - Awa Hotel\",\"isPartOf\":{\"@id\":\"https:\/\/www.awa-hotel.com\/de\/#website\"},\"datePublished\":\"2021-01-14T16:58:42+00:00\",\"dateModified\":\"2021-02-03T14:58:24+00:00\",\"breadcrumb\":{\"@id\":\"https:\/\/www.awa-hotel.com\/de\/ueber-awa\/presse\/powerfrau-wirbelt-muenchens-hotellerie-auf\/#breadcrumb\"},\"inLanguage\":\"de-DE\",\"potentialAction\":[{\"@type\":\"ReadAction\",\"target\":[\"https:\/\/www.awa-hotel.com\/de\/ueber-awa\/presse\/powerfrau-wirbelt-muenchens-hotellerie-auf\/\"]}]},{\"@type\":\"BreadcrumbList\",\"@id\":\"https:\/\/www.awa-hotel.com\/de\/ueber-awa\/presse\/powerfrau-wirbelt-muenchens-hotellerie-auf\/#breadcrumb\",\"itemListElement\":[{\"@type\":\"ListItem\",\"position\":1,\"name\":\"Home\",\"item\":\"https:\/\/www.awa-hotel.com\/de\/\"},{\"@type\":\"ListItem\",\"position\":2,\"name\":\"\u00dcber AWA\",\"item\":\"https:\/\/www.awa-hotel.com\/de\/ueber-awa\/\"},{\"@type\":\"ListItem\",\"position\":3,\"name\":\"Presse\",\"item\":\"https:\/\/www.awa-hotel.com\/de\/ueber-awa\/presse\/\"},{\"@type\":\"ListItem\",\"position\":4,\"name\":\"Powerfrau wirbelt M\u00fcnchens Hotellerie auf\"}]},{\"@type\":\"WebSite\",\"@id\":\"https:\/\/www.awa-hotel.com\/de\/#website\",\"url\":\"https:\/\/www.awa-hotel.com\/de\/\",\"name\":\"Awa Hotel\",\"description\":\"\",\"potentialAction\":[{\"@type\":\"SearchAction\",\"target\":{\"@type\":\"EntryPoint\",\"urlTemplate\":\"https:\/\/www.awa-hotel.com\/de\/?s={search_term_string}\"},\"query-input\":{\"@type\":\"PropertyValueSpecification\",\"valueRequired\":true,\"valueName\":\"search_term_string\"}}],\"inLanguage\":\"de-DE\"}]}<\/script>\n<!-- \/ Yoast SEO plugin. -->","yoast_head_json":{"title":"Powerfrau wirbelt M\u00fcnchens Hotellerie auf - Awa Hotel","robots":{"index":"index","follow":"follow","max-snippet":"max-snippet:-1","max-image-preview":"max-image-preview:large","max-video-preview":"max-video-preview:-1"},"canonical":"https:\/\/www.awa-hotel.com\/de\/ueber-awa\/presse\/powerfrau-wirbelt-muenchens-hotellerie-auf\/","og_locale":"de_DE","og_type":"article","og_title":"Powerfrau wirbelt M\u00fcnchens Hotellerie auf - Awa Hotel","og_description":"Anita Wandinger f\u00fchrt seit Jahresbeginn das Awa-Hotel in der bayerischen Landeshauptstadt. Die 28-J\u00e4hrige hat das fr\u00fchere Conrad-Hotel de Ville nach ihren Vorstellungen umgestaltet. Lesen Sie weiter:","og_url":"https:\/\/www.awa-hotel.com\/de\/ueber-awa\/presse\/powerfrau-wirbelt-muenchens-hotellerie-auf\/","og_site_name":"Awa Hotel","article_modified_time":"2021-02-03T14:58:24+00:00","twitter_card":"summary_large_image","schema":{"@context":"https:\/\/schema.org","@graph":[{"@type":"WebPage","@id":"https:\/\/www.awa-hotel.com\/de\/ueber-awa\/presse\/powerfrau-wirbelt-muenchens-hotellerie-auf\/","url":"https:\/\/www.awa-hotel.com\/de\/ueber-awa\/presse\/powerfrau-wirbelt-muenchens-hotellerie-auf\/","name":"Powerfrau wirbelt M\u00fcnchens Hotellerie auf - Awa Hotel","isPartOf":{"@id":"https:\/\/www.awa-hotel.com\/de\/#website"},"datePublished":"2021-01-14T16:58:42+00:00","dateModified":"2021-02-03T14:58:24+00:00","breadcrumb":{"@id":"https:\/\/www.awa-hotel.com\/de\/ueber-awa\/presse\/powerfrau-wirbelt-muenchens-hotellerie-auf\/#breadcrumb"},"inLanguage":"de-DE","potentialAction":[{"@type":"ReadAction","target":["https:\/\/www.awa-hotel.com\/de\/ueber-awa\/presse\/powerfrau-wirbelt-muenchens-hotellerie-auf\/"]}]},{"@type":"BreadcrumbList","@id":"https:\/\/www.awa-hotel.com\/de\/ueber-awa\/presse\/powerfrau-wirbelt-muenchens-hotellerie-auf\/#breadcrumb","itemListElement":[{"@type":"ListItem","position":1,"name":"Home","item":"https:\/\/www.awa-hotel.com\/de\/"},{"@type":"ListItem","position":2,"name":"\u00dcber AWA","item":"https:\/\/www.awa-hotel.com\/de\/ueber-awa\/"},{"@type":"ListItem","position":3,"name":"Presse","item":"https:\/\/www.awa-hotel.com\/de\/ueber-awa\/presse\/"},{"@type":"ListItem","position":4,"name":"Powerfrau wirbelt M\u00fcnchens Hotellerie auf"}]},{"@type":"WebSite","@id":"https:\/\/www.awa-hotel.com\/de\/#website","url":"https:\/\/www.awa-hotel.com\/de\/","name":"Awa Hotel","description":"","potentialAction":[{"@type":"SearchAction","target":{"@type":"EntryPoint","urlTemplate":"https:\/\/www.awa-hotel.com\/de\/?s={search_term_string}"},"query-input":{"@type":"PropertyValueSpecification","valueRequired":true,"valueName":"search_term_string"}}],"inLanguage":"de-DE"}]}},"acf":[],"_links":{"self":[{"href":"https:\/\/www.awa-hotel.com\/de\/wp-json\/wp\/v2\/pages\/277","targetHints":{"allow":["GET"]}}],"collection":[{"href":"https:\/\/www.awa-hotel.com\/de\/wp-json\/wp\/v2\/pages"}],"about":[{"href":"https:\/\/www.awa-hotel.com\/de\/wp-json\/wp\/v2\/types\/page"}],"author":[{"embeddable":true,"href":"https:\/\/www.awa-hotel.com\/de\/wp-json\/wp\/v2\/users\/137"}],"replies":[{"embeddable":true,"href":"https:\/\/www.awa-hotel.com\/de\/wp-json\/wp\/v2\/comments?post=277"}],"version-history":[{"count":0,"href":"https:\/\/www.awa-hotel.com\/de\/wp-json\/wp\/v2\/pages\/277\/revisions"}],"up":[{"embeddable":true,"href":"https:\/\/www.awa-hotel.com\/de\/wp-json\/wp\/v2\/pages\/274"}],"wp:attachment":[{"href":"https:\/\/www.awa-hotel.com\/de\/wp-json\/wp\/v2\/media?parent=277"}],"curies":[{"name":"wp","href":"https:\/\/api.w.org\/{rel}","templated":true}]}}