{"id":280,"date":"2021-01-14T17:13:44","date_gmt":"2021-01-14T17:13:44","guid":{"rendered":"http:\/\/awa-hotel.ms.decms.eu\/about-awa\/press\/these-are-the-best-nominees-of-2019\/"},"modified":"2023-07-12T13:55:00","modified_gmt":"2023-07-12T13:55:00","slug":"das-sind-die-besten-nachwuchstouristiker-2019","status":"publish","type":"page","link":"https:\/\/www.awa-hotel.com\/de\/ueber-awa\/presse\/das-sind-die-besten-nachwuchstouristiker-2019\/","title":{"rendered":"Das sind die besten Nachwuchstouristiker 2019"},"content":{"rendered":"<p>Anita Wandinger (28), Gr\u00fcnderin von AWA Hotel M\u00fcnchen<br \/>\nSie hat sich ihren Traum erf\u00fcllt: Ein eigenes Hotel mitten in M\u00fcnchen. Knapp ein Jahr hat Anita Wandinger alles durchgeplant, nahm 1,6 Mio. Euro Kredit auf und \u00fcbernahm im Dezember 2018 ein Hotel, aus dem sie fast alles herausrei\u00dfen lie\u00df. Sie hatte nur zwei Monate Zeit f\u00fcr die Komplettrenovierung der 88 Zimmer. Im M\u00e4rz er\u00f6ffnete sie ihr Vier-Sterne-Haus. Es ist ein sehr pers\u00f6nliches Hotel, das mit seinem modernen Stil junge Leute ansprechen soll. Dazu kommen ihre Werte Awareness, Women, Arts, die sie mit ihren acht Mitarbeitern im AWA Hotel umsetzen will. Sie unterst\u00fctzt die \u00d6koinitiative &#8222;4Ocean&#8220;, f\u00f6rdert selbstst\u00e4ndige Frauen, startete ein Musikprojekt mit Fl\u00fcchtlingen und veranstaltet Kunst-Workshops. Schon jetzt ist die Hotelauslastung auf einem guten Weg.<\/p>\n<p><a href=\"https:\/\/www.fvw.de\/counter\/karriere\/preisverleihung-top-unter-30-das-sind-die-besten-nachwuchstouristiker-2019-203772\" target=\"_blank\" rel=\"noopener noreferrer\">Lesen Sie weiter<\/a><\/p>\n","protected":false},"excerpt":{"rendered":"<p>Anita Wandinger (28), Gr\u00fcnderin von AWA Hotel M\u00fcnchen Sie hat sich ihren Traum erf\u00fcllt: Ein eigenes Hotel mitten in M\u00fcnchen. Knapp ein Jahr hat Anita Wandinger alles durchgeplant, nahm 1,6 Mio. Euro Kredit auf und \u00fcbernahm im Dezember 2018 ein Hotel, aus dem sie fast alles herausrei\u00dfen lie\u00df. Sie hatte nur zwei Monate Zeit f\u00fcr [&hellip;]<\/p>\n","protected":false},"author":137,"featured_media":0,"parent":274,"menu_order":60,"comment_status":"closed","ping_status":"closed","template":"","meta":{"footnotes":""},"class_list":["post-280","page","type-page","status-publish","hentry"],"yoast_head":"<!-- This site is optimized with the Yoast SEO plugin v26.9 - https:\/\/yoast.com\/product\/yoast-seo-wordpress\/ -->\n<title>Das sind die besten Nachwuchstouristiker 2019 - Awa Hotel<\/title>\n<meta name=\"robots\" content=\"index, follow, max-snippet:-1, max-image-preview:large, max-video-preview:-1\" \/>\n<link rel=\"canonical\" href=\"https:\/\/www.awa-hotel.com\/de\/ueber-awa\/presse\/das-sind-die-besten-nachwuchstouristiker-2019\/\" \/>\n<meta property=\"og:locale\" content=\"de_DE\" \/>\n<meta property=\"og:type\" content=\"article\" \/>\n<meta property=\"og:title\" content=\"Das sind die besten Nachwuchstouristiker 2019 - Awa Hotel\" \/>\n<meta property=\"og:description\" content=\"Anita Wandinger (28), Gr\u00fcnderin von AWA Hotel M\u00fcnchen Sie hat sich ihren Traum erf\u00fcllt: Ein eigenes Hotel mitten in M\u00fcnchen. Knapp ein Jahr hat Anita Wandinger alles durchgeplant, nahm 1,6 Mio. Euro Kredit auf und \u00fcbernahm im Dezember 2018 ein Hotel, aus dem sie fast alles herausrei\u00dfen lie\u00df. Sie hatte nur zwei Monate Zeit f\u00fcr [&hellip;]\" \/>\n<meta property=\"og:url\" content=\"https:\/\/www.awa-hotel.com\/de\/ueber-awa\/presse\/das-sind-die-besten-nachwuchstouristiker-2019\/\" \/>\n<meta property=\"og:site_name\" content=\"Awa Hotel\" \/>\n<meta property=\"article:modified_time\" content=\"2023-07-12T13:55:00+00:00\" \/>\n<meta name=\"twitter:card\" content=\"summary_large_image\" \/>\n<meta name=\"twitter:label1\" content=\"Gesch\u00e4tzte Lesezeit\" \/>\n\t<meta name=\"twitter:data1\" content=\"1 Minute\" \/>\n<script type=\"application\/ld+json\" class=\"yoast-schema-graph\">{\"@context\":\"https:\/\/schema.org\",\"@graph\":[{\"@type\":\"WebPage\",\"@id\":\"https:\/\/www.awa-hotel.com\/de\/ueber-awa\/presse\/das-sind-die-besten-nachwuchstouristiker-2019\/\",\"url\":\"https:\/\/www.awa-hotel.com\/de\/ueber-awa\/presse\/das-sind-die-besten-nachwuchstouristiker-2019\/\",\"name\":\"Das sind die besten Nachwuchstouristiker 2019 - Awa Hotel\",\"isPartOf\":{\"@id\":\"https:\/\/www.awa-hotel.com\/de\/#website\"},\"datePublished\":\"2021-01-14T17:13:44+00:00\",\"dateModified\":\"2023-07-12T13:55:00+00:00\",\"breadcrumb\":{\"@id\":\"https:\/\/www.awa-hotel.com\/de\/ueber-awa\/presse\/das-sind-die-besten-nachwuchstouristiker-2019\/#breadcrumb\"},\"inLanguage\":\"de-DE\",\"potentialAction\":[{\"@type\":\"ReadAction\",\"target\":[\"https:\/\/www.awa-hotel.com\/de\/ueber-awa\/presse\/das-sind-die-besten-nachwuchstouristiker-2019\/\"]}]},{\"@type\":\"BreadcrumbList\",\"@id\":\"https:\/\/www.awa-hotel.com\/de\/ueber-awa\/presse\/das-sind-die-besten-nachwuchstouristiker-2019\/#breadcrumb\",\"itemListElement\":[{\"@type\":\"ListItem\",\"position\":1,\"name\":\"Home\",\"item\":\"https:\/\/www.awa-hotel.com\/de\/\"},{\"@type\":\"ListItem\",\"position\":2,\"name\":\"\u00dcber AWA\",\"item\":\"https:\/\/www.awa-hotel.com\/de\/ueber-awa\/\"},{\"@type\":\"ListItem\",\"position\":3,\"name\":\"Presse\",\"item\":\"https:\/\/www.awa-hotel.com\/de\/ueber-awa\/presse\/\"},{\"@type\":\"ListItem\",\"position\":4,\"name\":\"Das sind die besten Nachwuchstouristiker 2019\"}]},{\"@type\":\"WebSite\",\"@id\":\"https:\/\/www.awa-hotel.com\/de\/#website\",\"url\":\"https:\/\/www.awa-hotel.com\/de\/\",\"name\":\"Awa Hotel\",\"description\":\"\",\"potentialAction\":[{\"@type\":\"SearchAction\",\"target\":{\"@type\":\"EntryPoint\",\"urlTemplate\":\"https:\/\/www.awa-hotel.com\/de\/?s={search_term_string}\"},\"query-input\":{\"@type\":\"PropertyValueSpecification\",\"valueRequired\":true,\"valueName\":\"search_term_string\"}}],\"inLanguage\":\"de-DE\"}]}<\/script>\n<!-- \/ Yoast SEO plugin. -->","yoast_head_json":{"title":"Das sind die besten Nachwuchstouristiker 2019 - Awa Hotel","robots":{"index":"index","follow":"follow","max-snippet":"max-snippet:-1","max-image-preview":"max-image-preview:large","max-video-preview":"max-video-preview:-1"},"canonical":"https:\/\/www.awa-hotel.com\/de\/ueber-awa\/presse\/das-sind-die-besten-nachwuchstouristiker-2019\/","og_locale":"de_DE","og_type":"article","og_title":"Das sind die besten Nachwuchstouristiker 2019 - Awa Hotel","og_description":"Anita Wandinger (28), Gr\u00fcnderin von AWA Hotel M\u00fcnchen Sie hat sich ihren Traum erf\u00fcllt: Ein eigenes Hotel mitten in M\u00fcnchen. Knapp ein Jahr hat Anita Wandinger alles durchgeplant, nahm 1,6 Mio. Euro Kredit auf und \u00fcbernahm im Dezember 2018 ein Hotel, aus dem sie fast alles herausrei\u00dfen lie\u00df. Sie hatte nur zwei Monate Zeit f\u00fcr [&hellip;]","og_url":"https:\/\/www.awa-hotel.com\/de\/ueber-awa\/presse\/das-sind-die-besten-nachwuchstouristiker-2019\/","og_site_name":"Awa Hotel","article_modified_time":"2023-07-12T13:55:00+00:00","twitter_card":"summary_large_image","twitter_misc":{"Gesch\u00e4tzte Lesezeit":"1 Minute"},"schema":{"@context":"https:\/\/schema.org","@graph":[{"@type":"WebPage","@id":"https:\/\/www.awa-hotel.com\/de\/ueber-awa\/presse\/das-sind-die-besten-nachwuchstouristiker-2019\/","url":"https:\/\/www.awa-hotel.com\/de\/ueber-awa\/presse\/das-sind-die-besten-nachwuchstouristiker-2019\/","name":"Das sind die besten Nachwuchstouristiker 2019 - Awa Hotel","isPartOf":{"@id":"https:\/\/www.awa-hotel.com\/de\/#website"},"datePublished":"2021-01-14T17:13:44+00:00","dateModified":"2023-07-12T13:55:00+00:00","breadcrumb":{"@id":"https:\/\/www.awa-hotel.com\/de\/ueber-awa\/presse\/das-sind-die-besten-nachwuchstouristiker-2019\/#breadcrumb"},"inLanguage":"de-DE","potentialAction":[{"@type":"ReadAction","target":["https:\/\/www.awa-hotel.com\/de\/ueber-awa\/presse\/das-sind-die-besten-nachwuchstouristiker-2019\/"]}]},{"@type":"BreadcrumbList","@id":"https:\/\/www.awa-hotel.com\/de\/ueber-awa\/presse\/das-sind-die-besten-nachwuchstouristiker-2019\/#breadcrumb","itemListElement":[{"@type":"ListItem","position":1,"name":"Home","item":"https:\/\/www.awa-hotel.com\/de\/"},{"@type":"ListItem","position":2,"name":"\u00dcber AWA","item":"https:\/\/www.awa-hotel.com\/de\/ueber-awa\/"},{"@type":"ListItem","position":3,"name":"Presse","item":"https:\/\/www.awa-hotel.com\/de\/ueber-awa\/presse\/"},{"@type":"ListItem","position":4,"name":"Das sind die besten Nachwuchstouristiker 2019"}]},{"@type":"WebSite","@id":"https:\/\/www.awa-hotel.com\/de\/#website","url":"https:\/\/www.awa-hotel.com\/de\/","name":"Awa Hotel","description":"","potentialAction":[{"@type":"SearchAction","target":{"@type":"EntryPoint","urlTemplate":"https:\/\/www.awa-hotel.com\/de\/?s={search_term_string}"},"query-input":{"@type":"PropertyValueSpecification","valueRequired":true,"valueName":"search_term_string"}}],"inLanguage":"de-DE"}]}},"acf":[],"_links":{"self":[{"href":"https:\/\/www.awa-hotel.com\/de\/wp-json\/wp\/v2\/pages\/280","targetHints":{"allow":["GET"]}}],"collection":[{"href":"https:\/\/www.awa-hotel.com\/de\/wp-json\/wp\/v2\/pages"}],"about":[{"href":"https:\/\/www.awa-hotel.com\/de\/wp-json\/wp\/v2\/types\/page"}],"author":[{"embeddable":true,"href":"https:\/\/www.awa-hotel.com\/de\/wp-json\/wp\/v2\/users\/137"}],"replies":[{"embeddable":true,"href":"https:\/\/www.awa-hotel.com\/de\/wp-json\/wp\/v2\/comments?post=280"}],"version-history":[{"count":0,"href":"https:\/\/www.awa-hotel.com\/de\/wp-json\/wp\/v2\/pages\/280\/revisions"}],"up":[{"embeddable":true,"href":"https:\/\/www.awa-hotel.com\/de\/wp-json\/wp\/v2\/pages\/274"}],"wp:attachment":[{"href":"https:\/\/www.awa-hotel.com\/de\/wp-json\/wp\/v2\/media?parent=280"}],"curies":[{"name":"wp","href":"https:\/\/api.w.org\/{rel}","templated":true}]}}