{"id":282,"date":"2020-11-19T17:43:22","date_gmt":"2020-11-19T17:43:22","guid":{"rendered":"http:\/\/awa-hotel.ms.decms.eu\/rooms-gallery\/"},"modified":"2025-05-14T10:04:22","modified_gmt":"2025-05-14T10:04:22","slug":"zimmer-galerie","status":"publish","type":"page","link":"https:\/\/www.awa-hotel.com\/de\/zimmer-galerie\/","title":{"rendered":"Zimmer &amp; Galerie"},"content":{"rendered":"<p style=\"text-align: center\">Bilder sagen mehr als 1000 Worte.<br \/>\nDaher zeigen wir Ihnen hier lieber einige Impressionen unserer eleganten Zimmer.<br \/>\nAlle unsere Zimmer sind ausgestattet mit luxuri\u00f6sen, sehr dicken Matratzen von Treca, Arbeitsbereich, Laptop-Safe, Minibar und Klimaanlage. Dar\u00fcber hinaus gibt es in jedem Zimmer gro\u00dfe Flatscreen Fernseher, WLAN, eine kleine Couch, einen Schreibtisch, Seife und Duschgel, sowie ein einzigartiges Kunstwerk. Wer den Luxury-lifestyle lebt, kann der \u00dcbernachtung gerne Blumen, Sekt &amp; Champagner oder Obst hinzu buchen.<\/p>\n","protected":false},"excerpt":{"rendered":"<p>Bilder sagen mehr als 1000 Worte. Daher zeigen wir Ihnen hier lieber einige Impressionen unserer eleganten Zimmer. Alle unsere Zimmer sind ausgestattet mit luxuri\u00f6sen, sehr dicken Matratzen von Treca, Arbeitsbereich, Laptop-Safe, Minibar und Klimaanlage. Dar\u00fcber hinaus gibt es in jedem Zimmer gro\u00dfe Flatscreen Fernseher, WLAN, eine kleine Couch, einen Schreibtisch, Seife und Duschgel, sowie ein [&hellip;]<\/p>\n","protected":false},"author":137,"featured_media":0,"parent":0,"menu_order":20,"comment_status":"closed","ping_status":"closed","template":"template-rooms.php","meta":{"footnotes":""},"class_list":["post-282","page","type-page","status-publish","hentry"],"yoast_head":"<!-- This site is optimized with the Yoast SEO plugin v26.9 - https:\/\/yoast.com\/product\/yoast-seo-wordpress\/ -->\n<title>Zimmer &amp; Galerie - Awa Hotel<\/title>\n<meta name=\"robots\" content=\"index, follow, max-snippet:-1, max-image-preview:large, max-video-preview:-1\" \/>\n<link rel=\"canonical\" href=\"https:\/\/www.awa-hotel.com\/de\/zimmer-galerie\/\" \/>\n<meta property=\"og:locale\" content=\"de_DE\" \/>\n<meta property=\"og:type\" content=\"article\" \/>\n<meta property=\"og:title\" content=\"Zimmer &amp; Galerie - Awa Hotel\" \/>\n<meta property=\"og:description\" content=\"Bilder sagen mehr als 1000 Worte. Daher zeigen wir Ihnen hier lieber einige Impressionen unserer eleganten Zimmer. Alle unsere Zimmer sind ausgestattet mit luxuri\u00f6sen, sehr dicken Matratzen von Treca, Arbeitsbereich, Laptop-Safe, Minibar und Klimaanlage. Dar\u00fcber hinaus gibt es in jedem Zimmer gro\u00dfe Flatscreen Fernseher, WLAN, eine kleine Couch, einen Schreibtisch, Seife und Duschgel, sowie ein [&hellip;]\" \/>\n<meta property=\"og:url\" content=\"https:\/\/www.awa-hotel.com\/de\/zimmer-galerie\/\" \/>\n<meta property=\"og:site_name\" content=\"Awa Hotel\" \/>\n<meta property=\"article:modified_time\" content=\"2025-05-14T10:04:22+00:00\" \/>\n<meta name=\"twitter:card\" content=\"summary_large_image\" \/>\n<meta name=\"twitter:label1\" content=\"Gesch\u00e4tzte Lesezeit\" \/>\n\t<meta name=\"twitter:data1\" content=\"1 Minute\" \/>\n<script type=\"application\/ld+json\" class=\"yoast-schema-graph\">{\"@context\":\"https:\/\/schema.org\",\"@graph\":[{\"@type\":\"WebPage\",\"@id\":\"https:\/\/www.awa-hotel.com\/de\/zimmer-galerie\/\",\"url\":\"https:\/\/www.awa-hotel.com\/de\/zimmer-galerie\/\",\"name\":\"Zimmer &amp; Galerie - Awa Hotel\",\"isPartOf\":{\"@id\":\"https:\/\/www.awa-hotel.com\/de\/#website\"},\"datePublished\":\"2020-11-19T17:43:22+00:00\",\"dateModified\":\"2025-05-14T10:04:22+00:00\",\"breadcrumb\":{\"@id\":\"https:\/\/www.awa-hotel.com\/de\/zimmer-galerie\/#breadcrumb\"},\"inLanguage\":\"de-DE\",\"potentialAction\":[{\"@type\":\"ReadAction\",\"target\":[\"https:\/\/www.awa-hotel.com\/de\/zimmer-galerie\/\"]}]},{\"@type\":\"BreadcrumbList\",\"@id\":\"https:\/\/www.awa-hotel.com\/de\/zimmer-galerie\/#breadcrumb\",\"itemListElement\":[{\"@type\":\"ListItem\",\"position\":1,\"name\":\"Home\",\"item\":\"https:\/\/www.awa-hotel.com\/de\/\"},{\"@type\":\"ListItem\",\"position\":2,\"name\":\"Zimmer &amp; Galerie\"}]},{\"@type\":\"WebSite\",\"@id\":\"https:\/\/www.awa-hotel.com\/de\/#website\",\"url\":\"https:\/\/www.awa-hotel.com\/de\/\",\"name\":\"Awa Hotel\",\"description\":\"\",\"potentialAction\":[{\"@type\":\"SearchAction\",\"target\":{\"@type\":\"EntryPoint\",\"urlTemplate\":\"https:\/\/www.awa-hotel.com\/de\/?s={search_term_string}\"},\"query-input\":{\"@type\":\"PropertyValueSpecification\",\"valueRequired\":true,\"valueName\":\"search_term_string\"}}],\"inLanguage\":\"de-DE\"}]}<\/script>\n<!-- \/ Yoast SEO plugin. -->","yoast_head_json":{"title":"Zimmer &amp; Galerie - Awa Hotel","robots":{"index":"index","follow":"follow","max-snippet":"max-snippet:-1","max-image-preview":"max-image-preview:large","max-video-preview":"max-video-preview:-1"},"canonical":"https:\/\/www.awa-hotel.com\/de\/zimmer-galerie\/","og_locale":"de_DE","og_type":"article","og_title":"Zimmer &amp; Galerie - Awa Hotel","og_description":"Bilder sagen mehr als 1000 Worte. Daher zeigen wir Ihnen hier lieber einige Impressionen unserer eleganten Zimmer. Alle unsere Zimmer sind ausgestattet mit luxuri\u00f6sen, sehr dicken Matratzen von Treca, Arbeitsbereich, Laptop-Safe, Minibar und Klimaanlage. Dar\u00fcber hinaus gibt es in jedem Zimmer gro\u00dfe Flatscreen Fernseher, WLAN, eine kleine Couch, einen Schreibtisch, Seife und Duschgel, sowie ein [&hellip;]","og_url":"https:\/\/www.awa-hotel.com\/de\/zimmer-galerie\/","og_site_name":"Awa Hotel","article_modified_time":"2025-05-14T10:04:22+00:00","twitter_card":"summary_large_image","twitter_misc":{"Gesch\u00e4tzte Lesezeit":"1 Minute"},"schema":{"@context":"https:\/\/schema.org","@graph":[{"@type":"WebPage","@id":"https:\/\/www.awa-hotel.com\/de\/zimmer-galerie\/","url":"https:\/\/www.awa-hotel.com\/de\/zimmer-galerie\/","name":"Zimmer &amp; Galerie - Awa Hotel","isPartOf":{"@id":"https:\/\/www.awa-hotel.com\/de\/#website"},"datePublished":"2020-11-19T17:43:22+00:00","dateModified":"2025-05-14T10:04:22+00:00","breadcrumb":{"@id":"https:\/\/www.awa-hotel.com\/de\/zimmer-galerie\/#breadcrumb"},"inLanguage":"de-DE","potentialAction":[{"@type":"ReadAction","target":["https:\/\/www.awa-hotel.com\/de\/zimmer-galerie\/"]}]},{"@type":"BreadcrumbList","@id":"https:\/\/www.awa-hotel.com\/de\/zimmer-galerie\/#breadcrumb","itemListElement":[{"@type":"ListItem","position":1,"name":"Home","item":"https:\/\/www.awa-hotel.com\/de\/"},{"@type":"ListItem","position":2,"name":"Zimmer &amp; Galerie"}]},{"@type":"WebSite","@id":"https:\/\/www.awa-hotel.com\/de\/#website","url":"https:\/\/www.awa-hotel.com\/de\/","name":"Awa Hotel","description":"","potentialAction":[{"@type":"SearchAction","target":{"@type":"EntryPoint","urlTemplate":"https:\/\/www.awa-hotel.com\/de\/?s={search_term_string}"},"query-input":{"@type":"PropertyValueSpecification","valueRequired":true,"valueName":"search_term_string"}}],"inLanguage":"de-DE"}]}},"acf":[],"_links":{"self":[{"href":"https:\/\/www.awa-hotel.com\/de\/wp-json\/wp\/v2\/pages\/282","targetHints":{"allow":["GET"]}}],"collection":[{"href":"https:\/\/www.awa-hotel.com\/de\/wp-json\/wp\/v2\/pages"}],"about":[{"href":"https:\/\/www.awa-hotel.com\/de\/wp-json\/wp\/v2\/types\/page"}],"author":[{"embeddable":true,"href":"https:\/\/www.awa-hotel.com\/de\/wp-json\/wp\/v2\/users\/137"}],"replies":[{"embeddable":true,"href":"https:\/\/www.awa-hotel.com\/de\/wp-json\/wp\/v2\/comments?post=282"}],"version-history":[{"count":0,"href":"https:\/\/www.awa-hotel.com\/de\/wp-json\/wp\/v2\/pages\/282\/revisions"}],"wp:attachment":[{"href":"https:\/\/www.awa-hotel.com\/de\/wp-json\/wp\/v2\/media?parent=282"}],"curies":[{"name":"wp","href":"https:\/\/api.w.org\/{rel}","templated":true}]}}