{"id":285,"date":"2020-11-19T17:46:32","date_gmt":"2020-11-19T17:46:32","guid":{"rendered":"http:\/\/awa-hotel.ms.decms.eu\/rooms-gallery\/comfort-double-room\/"},"modified":"2025-05-14T10:05:19","modified_gmt":"2025-05-14T10:05:19","slug":"comfort-doppelzimmer","status":"publish","type":"page","link":"https:\/\/www.awa-hotel.com\/de\/zimmer-galerie\/comfort-doppelzimmer\/","title":{"rendered":"Komfort Doppelzimmer"},"content":{"rendered":"<p>Unsere Komfort Doppelzimmer sind luxuri\u00f6se, ger\u00e4umigere Doppelzimmer, welche mit 22 m2 f\u00fcr bis zu 3 Erwachsene Platz bieten. Diese Zimmer befinden sich auf den Etagen 1 bis 5 und liegen alle zum ruhigen Garten ausgerichtet, was selbst in der gesch\u00e4ftigen Stadt f\u00fcr eine ruhige Atmosph\u00e4re sorgt.<\/p>\n<p>Einige dieser Zimmer verf\u00fcgen \u00fcber zwei trennbare Matratzen, sodass zwei Einzelbetten entstehen (TWIN), sowie Zimmer mit eigenem Balkon.<\/p>\n<p>Weiters sind all unsere Komfort Doppelzimmer mit king-size Boxspringbetten der Marke Treca ausgestattet (180x 200 cm, 23 cm dicke Matratze). Dar\u00fcber hinaus bietet eine bequeme Schlafcouch (90x200cm) einen weiteren Schlafplatz.<\/p>\n<p>Diese Kategorie eignet sich somit f\u00fcr jeden Gast, dem insbesondere Ruhe und Komfort am Herzen liegen.<\/p>\n","protected":false},"excerpt":{"rendered":"<p>Unsere Komfort Doppelzimmer sind luxuri\u00f6se, ger\u00e4umigere Doppelzimmer, welche mit 22 m2 f\u00fcr bis zu 3 Erwachsene Platz bieten. Diese Zimmer befinden sich auf den Etagen 1 bis 5 und liegen alle zum ruhigen Garten ausgerichtet, was selbst in der gesch\u00e4ftigen Stadt f\u00fcr eine ruhige Atmosph\u00e4re sorgt. Einige dieser Zimmer verf\u00fcgen \u00fcber zwei trennbare Matratzen, sodass [&hellip;]<\/p>\n","protected":false},"author":137,"featured_media":0,"parent":282,"menu_order":30,"comment_status":"closed","ping_status":"closed","template":"template-single-room.php","meta":{"footnotes":""},"class_list":["post-285","page","type-page","status-publish","hentry"],"yoast_head":"<!-- This site is optimized with the Yoast SEO plugin v26.9 - https:\/\/yoast.com\/product\/yoast-seo-wordpress\/ -->\n<title>Komfort Doppelzimmer - Awa Hotel<\/title>\n<meta name=\"robots\" content=\"index, follow, max-snippet:-1, max-image-preview:large, max-video-preview:-1\" \/>\n<link rel=\"canonical\" href=\"https:\/\/www.awa-hotel.com\/de\/zimmer-galerie\/comfort-doppelzimmer\/\" \/>\n<meta property=\"og:locale\" content=\"de_DE\" \/>\n<meta property=\"og:type\" content=\"article\" \/>\n<meta property=\"og:title\" content=\"Komfort Doppelzimmer - Awa Hotel\" \/>\n<meta property=\"og:description\" content=\"Unsere Komfort Doppelzimmer sind luxuri\u00f6se, ger\u00e4umigere Doppelzimmer, welche mit 22 m2 f\u00fcr bis zu 3 Erwachsene Platz bieten. Diese Zimmer befinden sich auf den Etagen 1 bis 5 und liegen alle zum ruhigen Garten ausgerichtet, was selbst in der gesch\u00e4ftigen Stadt f\u00fcr eine ruhige Atmosph\u00e4re sorgt. Einige dieser Zimmer verf\u00fcgen \u00fcber zwei trennbare Matratzen, sodass [&hellip;]\" \/>\n<meta property=\"og:url\" content=\"https:\/\/www.awa-hotel.com\/de\/zimmer-galerie\/comfort-doppelzimmer\/\" \/>\n<meta property=\"og:site_name\" content=\"Awa Hotel\" \/>\n<meta property=\"article:modified_time\" content=\"2025-05-14T10:05:19+00:00\" \/>\n<meta name=\"twitter:card\" content=\"summary_large_image\" \/>\n<meta name=\"twitter:label1\" content=\"Gesch\u00e4tzte Lesezeit\" \/>\n\t<meta name=\"twitter:data1\" content=\"1 Minute\" \/>\n<script type=\"application\/ld+json\" class=\"yoast-schema-graph\">{\"@context\":\"https:\/\/schema.org\",\"@graph\":[{\"@type\":\"WebPage\",\"@id\":\"https:\/\/www.awa-hotel.com\/de\/zimmer-galerie\/comfort-doppelzimmer\/\",\"url\":\"https:\/\/www.awa-hotel.com\/de\/zimmer-galerie\/comfort-doppelzimmer\/\",\"name\":\"Komfort Doppelzimmer - Awa Hotel\",\"isPartOf\":{\"@id\":\"https:\/\/www.awa-hotel.com\/de\/#website\"},\"datePublished\":\"2020-11-19T17:46:32+00:00\",\"dateModified\":\"2025-05-14T10:05:19+00:00\",\"breadcrumb\":{\"@id\":\"https:\/\/www.awa-hotel.com\/de\/zimmer-galerie\/comfort-doppelzimmer\/#breadcrumb\"},\"inLanguage\":\"de-DE\",\"potentialAction\":[{\"@type\":\"ReadAction\",\"target\":[\"https:\/\/www.awa-hotel.com\/de\/zimmer-galerie\/comfort-doppelzimmer\/\"]}]},{\"@type\":\"BreadcrumbList\",\"@id\":\"https:\/\/www.awa-hotel.com\/de\/zimmer-galerie\/comfort-doppelzimmer\/#breadcrumb\",\"itemListElement\":[{\"@type\":\"ListItem\",\"position\":1,\"name\":\"Home\",\"item\":\"https:\/\/www.awa-hotel.com\/de\/\"},{\"@type\":\"ListItem\",\"position\":2,\"name\":\"Zimmer &amp; Galerie\",\"item\":\"https:\/\/www.awa-hotel.com\/de\/zimmer-galerie\/\"},{\"@type\":\"ListItem\",\"position\":3,\"name\":\"Komfort Doppelzimmer\"}]},{\"@type\":\"WebSite\",\"@id\":\"https:\/\/www.awa-hotel.com\/de\/#website\",\"url\":\"https:\/\/www.awa-hotel.com\/de\/\",\"name\":\"Awa Hotel\",\"description\":\"\",\"potentialAction\":[{\"@type\":\"SearchAction\",\"target\":{\"@type\":\"EntryPoint\",\"urlTemplate\":\"https:\/\/www.awa-hotel.com\/de\/?s={search_term_string}\"},\"query-input\":{\"@type\":\"PropertyValueSpecification\",\"valueRequired\":true,\"valueName\":\"search_term_string\"}}],\"inLanguage\":\"de-DE\"}]}<\/script>\n<!-- \/ Yoast SEO plugin. -->","yoast_head_json":{"title":"Komfort Doppelzimmer - Awa Hotel","robots":{"index":"index","follow":"follow","max-snippet":"max-snippet:-1","max-image-preview":"max-image-preview:large","max-video-preview":"max-video-preview:-1"},"canonical":"https:\/\/www.awa-hotel.com\/de\/zimmer-galerie\/comfort-doppelzimmer\/","og_locale":"de_DE","og_type":"article","og_title":"Komfort Doppelzimmer - Awa Hotel","og_description":"Unsere Komfort Doppelzimmer sind luxuri\u00f6se, ger\u00e4umigere Doppelzimmer, welche mit 22 m2 f\u00fcr bis zu 3 Erwachsene Platz bieten. Diese Zimmer befinden sich auf den Etagen 1 bis 5 und liegen alle zum ruhigen Garten ausgerichtet, was selbst in der gesch\u00e4ftigen Stadt f\u00fcr eine ruhige Atmosph\u00e4re sorgt. Einige dieser Zimmer verf\u00fcgen \u00fcber zwei trennbare Matratzen, sodass [&hellip;]","og_url":"https:\/\/www.awa-hotel.com\/de\/zimmer-galerie\/comfort-doppelzimmer\/","og_site_name":"Awa Hotel","article_modified_time":"2025-05-14T10:05:19+00:00","twitter_card":"summary_large_image","twitter_misc":{"Gesch\u00e4tzte Lesezeit":"1 Minute"},"schema":{"@context":"https:\/\/schema.org","@graph":[{"@type":"WebPage","@id":"https:\/\/www.awa-hotel.com\/de\/zimmer-galerie\/comfort-doppelzimmer\/","url":"https:\/\/www.awa-hotel.com\/de\/zimmer-galerie\/comfort-doppelzimmer\/","name":"Komfort Doppelzimmer - Awa Hotel","isPartOf":{"@id":"https:\/\/www.awa-hotel.com\/de\/#website"},"datePublished":"2020-11-19T17:46:32+00:00","dateModified":"2025-05-14T10:05:19+00:00","breadcrumb":{"@id":"https:\/\/www.awa-hotel.com\/de\/zimmer-galerie\/comfort-doppelzimmer\/#breadcrumb"},"inLanguage":"de-DE","potentialAction":[{"@type":"ReadAction","target":["https:\/\/www.awa-hotel.com\/de\/zimmer-galerie\/comfort-doppelzimmer\/"]}]},{"@type":"BreadcrumbList","@id":"https:\/\/www.awa-hotel.com\/de\/zimmer-galerie\/comfort-doppelzimmer\/#breadcrumb","itemListElement":[{"@type":"ListItem","position":1,"name":"Home","item":"https:\/\/www.awa-hotel.com\/de\/"},{"@type":"ListItem","position":2,"name":"Zimmer &amp; Galerie","item":"https:\/\/www.awa-hotel.com\/de\/zimmer-galerie\/"},{"@type":"ListItem","position":3,"name":"Komfort Doppelzimmer"}]},{"@type":"WebSite","@id":"https:\/\/www.awa-hotel.com\/de\/#website","url":"https:\/\/www.awa-hotel.com\/de\/","name":"Awa Hotel","description":"","potentialAction":[{"@type":"SearchAction","target":{"@type":"EntryPoint","urlTemplate":"https:\/\/www.awa-hotel.com\/de\/?s={search_term_string}"},"query-input":{"@type":"PropertyValueSpecification","valueRequired":true,"valueName":"search_term_string"}}],"inLanguage":"de-DE"}]}},"acf":[],"_links":{"self":[{"href":"https:\/\/www.awa-hotel.com\/de\/wp-json\/wp\/v2\/pages\/285","targetHints":{"allow":["GET"]}}],"collection":[{"href":"https:\/\/www.awa-hotel.com\/de\/wp-json\/wp\/v2\/pages"}],"about":[{"href":"https:\/\/www.awa-hotel.com\/de\/wp-json\/wp\/v2\/types\/page"}],"author":[{"embeddable":true,"href":"https:\/\/www.awa-hotel.com\/de\/wp-json\/wp\/v2\/users\/137"}],"replies":[{"embeddable":true,"href":"https:\/\/www.awa-hotel.com\/de\/wp-json\/wp\/v2\/comments?post=285"}],"version-history":[{"count":0,"href":"https:\/\/www.awa-hotel.com\/de\/wp-json\/wp\/v2\/pages\/285\/revisions"}],"up":[{"embeddable":true,"href":"https:\/\/www.awa-hotel.com\/de\/wp-json\/wp\/v2\/pages\/282"}],"wp:attachment":[{"href":"https:\/\/www.awa-hotel.com\/de\/wp-json\/wp\/v2\/media?parent=285"}],"curies":[{"name":"wp","href":"https:\/\/api.w.org\/{rel}","templated":true}]}}