{"id":288,"date":"2020-11-19T12:16:44","date_gmt":"2020-11-19T12:16:44","guid":{"rendered":"http:\/\/awa-hotel.ms.decms.eu\/services\/breakfast-of-awa-hotel\/"},"modified":"2025-12-31T10:08:39","modified_gmt":"2025-12-31T10:08:39","slug":"breakfast-of-awa-hotel","status":"publish","type":"page","link":"https:\/\/www.awa-hotel.com\/de\/services\/breakfast-of-awa-hotel\/","title":{"rendered":"Fr\u00fchst\u00fcck"},"content":{"rendered":"<p>Unser Fr\u00fchst\u00fcck finden Sie in der offen gestalteten Lounge in unserer Lobby, welche erst im Februar 2020 komplett renoviert wurde.<\/p>\n<p>Genie\u00dfen Sie das gem\u00fctliche, helle und moderne Ambiente w\u00e4hrend Sie Ihre Lieblings- Eierspeise oder Waffeln bei uns bestellen. Auch unser Garten eignet sich hervorragend, um die wichtigste Mahlzeit des Tages zu sich zu nehmen und gleichzeitig ein wenig Vitamin D zu tanken. Gerne arrangieren wir f\u00fcr Sie auch vegane, vegetarische oder andere Produkte. Wir bitten Sie jedoch uns Ihre Allergien und W\u00fcnsche fr\u00fchzeitig vor Ihrer Anreise mitzuteilen.<\/p>\n<p>Da wir, neben der Zufriedenheit unserer G\u00e4ste, gro\u00dfen Wert auf die Umwelt und ihre Bewohner legen ist es uns eine Herzensangelegenheit das Fr\u00fchst\u00fcck ebenfalls mit Produkten, welche Tierschutz-konform sind, auszustatten. Um die W\u00fcnsche aller G\u00e4ste zufrieden zu stellen haben wir uns aber gegen ein rein pflanzliches Angebot entschieden. Aus diesem Grund finden Sie bei uns viele vegane oder vegetarische Produkte, nebst Bio-Tierprodukten von lokalen Anbietern. Ferner sind wir stets auf der Suche nach Inspiration und neuen Ideen. Eines unserer langfristigen Ziele ist es das &#8222;Demeter&#8220;-Siegel zu erwerben.<\/p>\n<p>Nach dem Fr\u00fchst\u00fcck erlaubt die Lobby ein gem\u00fctliches Ausklingen. Ob Sie auf der versteckten Terrasse entspannen m\u00f6chten oder in Ruhe arbeiten m\u00f6chten; unser Internet sowie unsere Kaffee- und Teespezialit\u00e4ten stehen Ihnen jederzeit zur Verf\u00fcgung. Bleiben Sie gerne bis zum Abend und genie\u00dfen Sie dann noch einen Drink an der Bar.<\/p>\n","protected":false},"excerpt":{"rendered":"<p>Unser Fr\u00fchst\u00fcck finden Sie in der offen gestalteten Lounge in unserer Lobby, welche erst im Februar 2020 komplett renoviert wurde. Genie\u00dfen Sie das gem\u00fctliche, helle und moderne Ambiente w\u00e4hrend Sie Ihre Lieblings- Eierspeise oder Waffeln bei uns bestellen. Auch unser Garten eignet sich hervorragend, um die wichtigste Mahlzeit des Tages zu sich zu nehmen und [&hellip;]<\/p>\n","protected":false},"author":137,"featured_media":511,"parent":287,"menu_order":0,"comment_status":"closed","ping_status":"closed","template":"","meta":{"footnotes":""},"class_list":["post-288","page","type-page","status-publish","has-post-thumbnail","hentry"],"yoast_head":"<!-- This site is optimized with the Yoast SEO plugin v26.9 - https:\/\/yoast.com\/product\/yoast-seo-wordpress\/ -->\n<title>Fr\u00fchst\u00fcck - Awa Hotel<\/title>\n<meta name=\"robots\" content=\"index, follow, max-snippet:-1, max-image-preview:large, max-video-preview:-1\" \/>\n<link rel=\"canonical\" href=\"https:\/\/www.awa-hotel.com\/de\/services\/breakfast-of-awa-hotel\/\" \/>\n<meta property=\"og:locale\" content=\"de_DE\" \/>\n<meta property=\"og:type\" content=\"article\" \/>\n<meta property=\"og:title\" content=\"Fr\u00fchst\u00fcck - Awa Hotel\" \/>\n<meta property=\"og:description\" content=\"Unser Fr\u00fchst\u00fcck finden Sie in der offen gestalteten Lounge in unserer Lobby, welche erst im Februar 2020 komplett renoviert wurde. Genie\u00dfen Sie das gem\u00fctliche, helle und moderne Ambiente w\u00e4hrend Sie Ihre Lieblings- Eierspeise oder Waffeln bei uns bestellen. Auch unser Garten eignet sich hervorragend, um die wichtigste Mahlzeit des Tages zu sich zu nehmen und [&hellip;]\" \/>\n<meta property=\"og:url\" content=\"https:\/\/www.awa-hotel.com\/de\/services\/breakfast-of-awa-hotel\/\" \/>\n<meta property=\"og:site_name\" content=\"Awa Hotel\" \/>\n<meta property=\"article:modified_time\" content=\"2025-12-31T10:08:39+00:00\" \/>\n<meta property=\"og:image\" content=\"https:\/\/www.awa-hotel.com\/wp-content\/uploads\/sites\/229\/2023\/04\/AWA_Munchen_April23-6.jpg\" \/>\n\t<meta property=\"og:image:width\" content=\"1800\" \/>\n\t<meta property=\"og:image:height\" content=\"1200\" \/>\n\t<meta property=\"og:image:type\" content=\"image\/jpeg\" \/>\n<meta name=\"twitter:card\" content=\"summary_large_image\" \/>\n<meta name=\"twitter:label1\" content=\"Gesch\u00e4tzte Lesezeit\" \/>\n\t<meta name=\"twitter:data1\" content=\"2 Minuten\" \/>\n<script type=\"application\/ld+json\" class=\"yoast-schema-graph\">{\"@context\":\"https:\/\/schema.org\",\"@graph\":[{\"@type\":\"WebPage\",\"@id\":\"https:\/\/www.awa-hotel.com\/de\/services\/breakfast-of-awa-hotel\/\",\"url\":\"https:\/\/www.awa-hotel.com\/de\/services\/breakfast-of-awa-hotel\/\",\"name\":\"Fr\u00fchst\u00fcck - Awa Hotel\",\"isPartOf\":{\"@id\":\"https:\/\/www.awa-hotel.com\/de\/#website\"},\"primaryImageOfPage\":{\"@id\":\"https:\/\/www.awa-hotel.com\/de\/services\/breakfast-of-awa-hotel\/#primaryimage\"},\"image\":{\"@id\":\"https:\/\/www.awa-hotel.com\/de\/services\/breakfast-of-awa-hotel\/#primaryimage\"},\"thumbnailUrl\":\"https:\/\/www.awa-hotel.com\/wp-content\/uploads\/sites\/229\/2023\/04\/AWA_Munchen_April23-6.jpg\",\"datePublished\":\"2020-11-19T12:16:44+00:00\",\"dateModified\":\"2025-12-31T10:08:39+00:00\",\"breadcrumb\":{\"@id\":\"https:\/\/www.awa-hotel.com\/de\/services\/breakfast-of-awa-hotel\/#breadcrumb\"},\"inLanguage\":\"de-DE\",\"potentialAction\":[{\"@type\":\"ReadAction\",\"target\":[\"https:\/\/www.awa-hotel.com\/de\/services\/breakfast-of-awa-hotel\/\"]}]},{\"@type\":\"ImageObject\",\"inLanguage\":\"de-DE\",\"@id\":\"https:\/\/www.awa-hotel.com\/de\/services\/breakfast-of-awa-hotel\/#primaryimage\",\"url\":\"https:\/\/www.awa-hotel.com\/wp-content\/uploads\/sites\/229\/2023\/04\/AWA_Munchen_April23-6.jpg\",\"contentUrl\":\"https:\/\/www.awa-hotel.com\/wp-content\/uploads\/sites\/229\/2023\/04\/AWA_Munchen_April23-6.jpg\",\"width\":1800,\"height\":1200},{\"@type\":\"BreadcrumbList\",\"@id\":\"https:\/\/www.awa-hotel.com\/de\/services\/breakfast-of-awa-hotel\/#breadcrumb\",\"itemListElement\":[{\"@type\":\"ListItem\",\"position\":1,\"name\":\"Home\",\"item\":\"https:\/\/www.awa-hotel.com\/de\/\"},{\"@type\":\"ListItem\",\"position\":2,\"name\":\"F &amp; B\",\"item\":\"https:\/\/www.awa-hotel.com\/de\/services\/\"},{\"@type\":\"ListItem\",\"position\":3,\"name\":\"Fr\u00fchst\u00fcck\"}]},{\"@type\":\"WebSite\",\"@id\":\"https:\/\/www.awa-hotel.com\/de\/#website\",\"url\":\"https:\/\/www.awa-hotel.com\/de\/\",\"name\":\"Awa Hotel\",\"description\":\"\",\"potentialAction\":[{\"@type\":\"SearchAction\",\"target\":{\"@type\":\"EntryPoint\",\"urlTemplate\":\"https:\/\/www.awa-hotel.com\/de\/?s={search_term_string}\"},\"query-input\":{\"@type\":\"PropertyValueSpecification\",\"valueRequired\":true,\"valueName\":\"search_term_string\"}}],\"inLanguage\":\"de-DE\"}]}<\/script>\n<!-- \/ Yoast SEO plugin. -->","yoast_head_json":{"title":"Fr\u00fchst\u00fcck - Awa Hotel","robots":{"index":"index","follow":"follow","max-snippet":"max-snippet:-1","max-image-preview":"max-image-preview:large","max-video-preview":"max-video-preview:-1"},"canonical":"https:\/\/www.awa-hotel.com\/de\/services\/breakfast-of-awa-hotel\/","og_locale":"de_DE","og_type":"article","og_title":"Fr\u00fchst\u00fcck - Awa Hotel","og_description":"Unser Fr\u00fchst\u00fcck finden Sie in der offen gestalteten Lounge in unserer Lobby, welche erst im Februar 2020 komplett renoviert wurde. Genie\u00dfen Sie das gem\u00fctliche, helle und moderne Ambiente w\u00e4hrend Sie Ihre Lieblings- Eierspeise oder Waffeln bei uns bestellen. Auch unser Garten eignet sich hervorragend, um die wichtigste Mahlzeit des Tages zu sich zu nehmen und [&hellip;]","og_url":"https:\/\/www.awa-hotel.com\/de\/services\/breakfast-of-awa-hotel\/","og_site_name":"Awa Hotel","article_modified_time":"2025-12-31T10:08:39+00:00","og_image":[{"width":1800,"height":1200,"url":"https:\/\/www.awa-hotel.com\/wp-content\/uploads\/sites\/229\/2023\/04\/AWA_Munchen_April23-6.jpg","type":"image\/jpeg"}],"twitter_card":"summary_large_image","twitter_misc":{"Gesch\u00e4tzte Lesezeit":"2 Minuten"},"schema":{"@context":"https:\/\/schema.org","@graph":[{"@type":"WebPage","@id":"https:\/\/www.awa-hotel.com\/de\/services\/breakfast-of-awa-hotel\/","url":"https:\/\/www.awa-hotel.com\/de\/services\/breakfast-of-awa-hotel\/","name":"Fr\u00fchst\u00fcck - Awa Hotel","isPartOf":{"@id":"https:\/\/www.awa-hotel.com\/de\/#website"},"primaryImageOfPage":{"@id":"https:\/\/www.awa-hotel.com\/de\/services\/breakfast-of-awa-hotel\/#primaryimage"},"image":{"@id":"https:\/\/www.awa-hotel.com\/de\/services\/breakfast-of-awa-hotel\/#primaryimage"},"thumbnailUrl":"https:\/\/www.awa-hotel.com\/wp-content\/uploads\/sites\/229\/2023\/04\/AWA_Munchen_April23-6.jpg","datePublished":"2020-11-19T12:16:44+00:00","dateModified":"2025-12-31T10:08:39+00:00","breadcrumb":{"@id":"https:\/\/www.awa-hotel.com\/de\/services\/breakfast-of-awa-hotel\/#breadcrumb"},"inLanguage":"de-DE","potentialAction":[{"@type":"ReadAction","target":["https:\/\/www.awa-hotel.com\/de\/services\/breakfast-of-awa-hotel\/"]}]},{"@type":"ImageObject","inLanguage":"de-DE","@id":"https:\/\/www.awa-hotel.com\/de\/services\/breakfast-of-awa-hotel\/#primaryimage","url":"https:\/\/www.awa-hotel.com\/wp-content\/uploads\/sites\/229\/2023\/04\/AWA_Munchen_April23-6.jpg","contentUrl":"https:\/\/www.awa-hotel.com\/wp-content\/uploads\/sites\/229\/2023\/04\/AWA_Munchen_April23-6.jpg","width":1800,"height":1200},{"@type":"BreadcrumbList","@id":"https:\/\/www.awa-hotel.com\/de\/services\/breakfast-of-awa-hotel\/#breadcrumb","itemListElement":[{"@type":"ListItem","position":1,"name":"Home","item":"https:\/\/www.awa-hotel.com\/de\/"},{"@type":"ListItem","position":2,"name":"F &amp; B","item":"https:\/\/www.awa-hotel.com\/de\/services\/"},{"@type":"ListItem","position":3,"name":"Fr\u00fchst\u00fcck"}]},{"@type":"WebSite","@id":"https:\/\/www.awa-hotel.com\/de\/#website","url":"https:\/\/www.awa-hotel.com\/de\/","name":"Awa Hotel","description":"","potentialAction":[{"@type":"SearchAction","target":{"@type":"EntryPoint","urlTemplate":"https:\/\/www.awa-hotel.com\/de\/?s={search_term_string}"},"query-input":{"@type":"PropertyValueSpecification","valueRequired":true,"valueName":"search_term_string"}}],"inLanguage":"de-DE"}]}},"acf":[],"_links":{"self":[{"href":"https:\/\/www.awa-hotel.com\/de\/wp-json\/wp\/v2\/pages\/288","targetHints":{"allow":["GET"]}}],"collection":[{"href":"https:\/\/www.awa-hotel.com\/de\/wp-json\/wp\/v2\/pages"}],"about":[{"href":"https:\/\/www.awa-hotel.com\/de\/wp-json\/wp\/v2\/types\/page"}],"author":[{"embeddable":true,"href":"https:\/\/www.awa-hotel.com\/de\/wp-json\/wp\/v2\/users\/137"}],"replies":[{"embeddable":true,"href":"https:\/\/www.awa-hotel.com\/de\/wp-json\/wp\/v2\/comments?post=288"}],"version-history":[{"count":0,"href":"https:\/\/www.awa-hotel.com\/de\/wp-json\/wp\/v2\/pages\/288\/revisions"}],"up":[{"embeddable":true,"href":"https:\/\/www.awa-hotel.com\/de\/wp-json\/wp\/v2\/pages\/287"}],"wp:featuredmedia":[{"embeddable":true,"href":"https:\/\/www.awa-hotel.com\/de\/wp-json\/wp\/v2\/media\/511"}],"wp:attachment":[{"href":"https:\/\/www.awa-hotel.com\/de\/wp-json\/wp\/v2\/media?parent=288"}],"curies":[{"name":"wp","href":"https:\/\/api.w.org\/{rel}","templated":true}]}}