{"id":290,"date":"2020-11-19T12:22:24","date_gmt":"2020-11-19T12:22:24","guid":{"rendered":"http:\/\/awa-hotel.ms.decms.eu\/meetings-and-events\/"},"modified":"2023-07-11T13:26:29","modified_gmt":"2023-07-11T13:26:29","slug":"events-tagung","status":"publish","type":"page","link":"https:\/\/www.awa-hotel.com\/de\/events-tagung\/","title":{"rendered":"Events &amp; Tagung"},"content":{"rendered":"<p>Ob Sie ein Meeting, einen Workshop, eine Tagung oder ein Seminar planen, gerne sind wir vom AWA Event Team Ihr professioneller Ansprechpartner bei der Organisation. Ganz bewusst haben wir unsere R\u00e4ume schlicht und dezent gehalten, damit sich jedes Event Konzept umsetzen l\u00e4sst.<\/p>\n<p>Vom Flohmarkt bis hin zum Tanz Workshop, vom &#8222;Out of the Office&#8220; Meeting Raum bis hin zur klassischen Tagung &#8211; alles ist umsetzbar. Passend auf Ihr Event Konzept, erstellen wir Ihnen ein individuelles Angebot. Damit Sie sich erstmal einen \u00dcberblick verschaffen k\u00f6nnen, finden Sie links unseren Event Folder mit allen Details zu unseren beiden Veranstaltungsr\u00e4umen, den m\u00f6glichen Bestuhlungspl\u00e4nen und den Catering Optionen.<\/p>\n<p><strong>Derzeit wird der Raum von unserem gro\u00dfartigen Partner DT01 genutzt:<\/strong>:<a href=\"mailto:subject=Event%20room%20request\">https:\/\/tanzschule-muenchen-dt.de\/TANZKURS-MUeNCHEN_Tanzkurs-Muenchen-fuer-Paare_5\/T-Best-of-Beginner-Level_91?oswsid=02e7a4ngas2m2nub89lrbpj844<\/a><\/p>\n<p><strong>Sie k\u00f6nnen uns auch finden \u00fcber<\/strong>:<br \/>\nEventinc: <a href=\"https:\/\/www.eventinc.de\/eventlocation\/muenchen\/awa-hotel\">AWA Hotel M\u00fcnchen: AWA Hotel in M\u00fcnchen mieten bei Event Inc<\/a><\/p>\n","protected":false},"excerpt":{"rendered":"<p>Ob Sie ein Meeting, einen Workshop, eine Tagung oder ein Seminar planen, gerne sind wir vom AWA Event Team Ihr professioneller Ansprechpartner bei der Organisation. Ganz bewusst haben wir unsere R\u00e4ume schlicht und dezent gehalten, damit sich jedes Event Konzept umsetzen l\u00e4sst. Vom Flohmarkt bis hin zum Tanz Workshop, vom &#8222;Out of the Office&#8220; Meeting [&hellip;]<\/p>\n","protected":false},"author":137,"featured_media":0,"parent":0,"menu_order":60,"comment_status":"closed","ping_status":"closed","template":"template-meetings.php","meta":{"footnotes":""},"class_list":["post-290","page","type-page","status-publish","hentry"],"yoast_head":"<!-- This site is optimized with the Yoast SEO plugin v26.9 - https:\/\/yoast.com\/product\/yoast-seo-wordpress\/ -->\n<title>Events &amp; Tagung - Awa Hotel<\/title>\n<meta name=\"robots\" content=\"index, follow, max-snippet:-1, max-image-preview:large, max-video-preview:-1\" \/>\n<link rel=\"canonical\" href=\"https:\/\/www.awa-hotel.com\/de\/events-tagung\/\" \/>\n<meta property=\"og:locale\" content=\"de_DE\" \/>\n<meta property=\"og:type\" content=\"article\" \/>\n<meta property=\"og:title\" content=\"Events &amp; Tagung - Awa Hotel\" \/>\n<meta property=\"og:description\" content=\"Ob Sie ein Meeting, einen Workshop, eine Tagung oder ein Seminar planen, gerne sind wir vom AWA Event Team Ihr professioneller Ansprechpartner bei der Organisation. Ganz bewusst haben wir unsere R\u00e4ume schlicht und dezent gehalten, damit sich jedes Event Konzept umsetzen l\u00e4sst. Vom Flohmarkt bis hin zum Tanz Workshop, vom &#8222;Out of the Office&#8220; Meeting [&hellip;]\" \/>\n<meta property=\"og:url\" content=\"https:\/\/www.awa-hotel.com\/de\/events-tagung\/\" \/>\n<meta property=\"og:site_name\" content=\"Awa Hotel\" \/>\n<meta property=\"article:modified_time\" content=\"2023-07-11T13:26:29+00:00\" \/>\n<meta name=\"twitter:card\" content=\"summary_large_image\" \/>\n<meta name=\"twitter:label1\" content=\"Gesch\u00e4tzte Lesezeit\" \/>\n\t<meta name=\"twitter:data1\" content=\"1 Minute\" \/>\n<script type=\"application\/ld+json\" class=\"yoast-schema-graph\">{\"@context\":\"https:\/\/schema.org\",\"@graph\":[{\"@type\":\"WebPage\",\"@id\":\"https:\/\/www.awa-hotel.com\/de\/events-tagung\/\",\"url\":\"https:\/\/www.awa-hotel.com\/de\/events-tagung\/\",\"name\":\"Events &amp; Tagung - Awa Hotel\",\"isPartOf\":{\"@id\":\"https:\/\/www.awa-hotel.com\/de\/#website\"},\"datePublished\":\"2020-11-19T12:22:24+00:00\",\"dateModified\":\"2023-07-11T13:26:29+00:00\",\"breadcrumb\":{\"@id\":\"https:\/\/www.awa-hotel.com\/de\/events-tagung\/#breadcrumb\"},\"inLanguage\":\"de-DE\",\"potentialAction\":[{\"@type\":\"ReadAction\",\"target\":[\"https:\/\/www.awa-hotel.com\/de\/events-tagung\/\"]}]},{\"@type\":\"BreadcrumbList\",\"@id\":\"https:\/\/www.awa-hotel.com\/de\/events-tagung\/#breadcrumb\",\"itemListElement\":[{\"@type\":\"ListItem\",\"position\":1,\"name\":\"Home\",\"item\":\"https:\/\/www.awa-hotel.com\/de\/\"},{\"@type\":\"ListItem\",\"position\":2,\"name\":\"Events &amp; Tagung\"}]},{\"@type\":\"WebSite\",\"@id\":\"https:\/\/www.awa-hotel.com\/de\/#website\",\"url\":\"https:\/\/www.awa-hotel.com\/de\/\",\"name\":\"Awa Hotel\",\"description\":\"\",\"potentialAction\":[{\"@type\":\"SearchAction\",\"target\":{\"@type\":\"EntryPoint\",\"urlTemplate\":\"https:\/\/www.awa-hotel.com\/de\/?s={search_term_string}\"},\"query-input\":{\"@type\":\"PropertyValueSpecification\",\"valueRequired\":true,\"valueName\":\"search_term_string\"}}],\"inLanguage\":\"de-DE\"}]}<\/script>\n<!-- \/ Yoast SEO plugin. -->","yoast_head_json":{"title":"Events &amp; Tagung - Awa Hotel","robots":{"index":"index","follow":"follow","max-snippet":"max-snippet:-1","max-image-preview":"max-image-preview:large","max-video-preview":"max-video-preview:-1"},"canonical":"https:\/\/www.awa-hotel.com\/de\/events-tagung\/","og_locale":"de_DE","og_type":"article","og_title":"Events &amp; Tagung - Awa Hotel","og_description":"Ob Sie ein Meeting, einen Workshop, eine Tagung oder ein Seminar planen, gerne sind wir vom AWA Event Team Ihr professioneller Ansprechpartner bei der Organisation. Ganz bewusst haben wir unsere R\u00e4ume schlicht und dezent gehalten, damit sich jedes Event Konzept umsetzen l\u00e4sst. Vom Flohmarkt bis hin zum Tanz Workshop, vom &#8222;Out of the Office&#8220; Meeting [&hellip;]","og_url":"https:\/\/www.awa-hotel.com\/de\/events-tagung\/","og_site_name":"Awa Hotel","article_modified_time":"2023-07-11T13:26:29+00:00","twitter_card":"summary_large_image","twitter_misc":{"Gesch\u00e4tzte Lesezeit":"1 Minute"},"schema":{"@context":"https:\/\/schema.org","@graph":[{"@type":"WebPage","@id":"https:\/\/www.awa-hotel.com\/de\/events-tagung\/","url":"https:\/\/www.awa-hotel.com\/de\/events-tagung\/","name":"Events &amp; Tagung - Awa Hotel","isPartOf":{"@id":"https:\/\/www.awa-hotel.com\/de\/#website"},"datePublished":"2020-11-19T12:22:24+00:00","dateModified":"2023-07-11T13:26:29+00:00","breadcrumb":{"@id":"https:\/\/www.awa-hotel.com\/de\/events-tagung\/#breadcrumb"},"inLanguage":"de-DE","potentialAction":[{"@type":"ReadAction","target":["https:\/\/www.awa-hotel.com\/de\/events-tagung\/"]}]},{"@type":"BreadcrumbList","@id":"https:\/\/www.awa-hotel.com\/de\/events-tagung\/#breadcrumb","itemListElement":[{"@type":"ListItem","position":1,"name":"Home","item":"https:\/\/www.awa-hotel.com\/de\/"},{"@type":"ListItem","position":2,"name":"Events &amp; Tagung"}]},{"@type":"WebSite","@id":"https:\/\/www.awa-hotel.com\/de\/#website","url":"https:\/\/www.awa-hotel.com\/de\/","name":"Awa Hotel","description":"","potentialAction":[{"@type":"SearchAction","target":{"@type":"EntryPoint","urlTemplate":"https:\/\/www.awa-hotel.com\/de\/?s={search_term_string}"},"query-input":{"@type":"PropertyValueSpecification","valueRequired":true,"valueName":"search_term_string"}}],"inLanguage":"de-DE"}]}},"acf":[],"_links":{"self":[{"href":"https:\/\/www.awa-hotel.com\/de\/wp-json\/wp\/v2\/pages\/290","targetHints":{"allow":["GET"]}}],"collection":[{"href":"https:\/\/www.awa-hotel.com\/de\/wp-json\/wp\/v2\/pages"}],"about":[{"href":"https:\/\/www.awa-hotel.com\/de\/wp-json\/wp\/v2\/types\/page"}],"author":[{"embeddable":true,"href":"https:\/\/www.awa-hotel.com\/de\/wp-json\/wp\/v2\/users\/137"}],"replies":[{"embeddable":true,"href":"https:\/\/www.awa-hotel.com\/de\/wp-json\/wp\/v2\/comments?post=290"}],"version-history":[{"count":0,"href":"https:\/\/www.awa-hotel.com\/de\/wp-json\/wp\/v2\/pages\/290\/revisions"}],"wp:attachment":[{"href":"https:\/\/www.awa-hotel.com\/de\/wp-json\/wp\/v2\/media?parent=290"}],"curies":[{"name":"wp","href":"https:\/\/api.w.org\/{rel}","templated":true}]}}