{"id":291,"date":"2021-01-25T17:13:42","date_gmt":"2021-01-25T17:13:42","guid":{"rendered":"http:\/\/awa-hotel.ms.decms.eu\/awa-women\/"},"modified":"2021-02-05T14:24:49","modified_gmt":"2021-02-05T14:24:49","slug":"awa-frauen","status":"publish","type":"page","link":"https:\/\/www.awa-hotel.com\/de\/awa-frauen\/","title":{"rendered":"Awa Frauen"},"content":{"rendered":"<p>Unser AWA Women Event ging nach einer erfolgreichen Veranstaltung im M\u00e4rz und August 2020 in die zweite Runde.<\/p>\n<p>An diesem Abend lauschten wir authentischen Vortr\u00e4gen und waren mittendrin in spannenden Diskussionen \u00fcber Balance im Alltag. Bei all dem gro\u00dfen Engagement kommt der pers\u00f6nliche Ausgleich schnell zu kurz. Was wir dagegen tun k\u00f6nnen, abgesehen von einer Tasse Tee, erfuhren wir gemeinsam in einer Runde von Powerfrauen, die unterschiedlicher nicht sein k\u00f6nnten. Passend zum Thema des Abends testeten wir eine Auswahl an Produkten von Forever Aloe Vera, dem Weltmarktf\u00fchrer f\u00fcr Aloe Vera seit \u00fcber 40 Jahren.<\/p>\n<p>Mit AWA Women wird eine Reihe von Veranstaltungen und Business-Netzwerken ins Leben gerufen. Die Frauen dahinter sind selbst\u00e4ndig oder angestellt und streben danach, ihren Gesch\u00e4ftsalltag zu optimieren, neue Kontakte zu kn\u00fcpfen und den Raum f\u00fcr diskreten, inspirierenden Austausch zu nutzen.<\/p>\n<p>&nbsp;<\/p>\n","protected":false},"excerpt":{"rendered":"<p>Unser AWA Women Event ging nach einer erfolgreichen Veranstaltung im M\u00e4rz und August 2020 in die zweite Runde. An diesem Abend lauschten wir authentischen Vortr\u00e4gen und waren mittendrin in spannenden Diskussionen \u00fcber Balance im Alltag. Bei all dem gro\u00dfen Engagement kommt der pers\u00f6nliche Ausgleich schnell zu kurz. Was wir dagegen tun k\u00f6nnen, abgesehen von einer [&hellip;]<\/p>\n","protected":false},"author":137,"featured_media":0,"parent":0,"menu_order":62,"comment_status":"closed","ping_status":"closed","template":"","meta":{"footnotes":""},"class_list":["post-291","page","type-page","status-publish","hentry"],"yoast_head":"<!-- This site is optimized with the Yoast SEO plugin v26.9 - https:\/\/yoast.com\/product\/yoast-seo-wordpress\/ -->\n<title>Awa Frauen - Awa Hotel<\/title>\n<meta name=\"robots\" content=\"index, follow, max-snippet:-1, max-image-preview:large, max-video-preview:-1\" \/>\n<link rel=\"canonical\" href=\"https:\/\/www.awa-hotel.com\/de\/awa-frauen\/\" \/>\n<meta property=\"og:locale\" content=\"de_DE\" \/>\n<meta property=\"og:type\" content=\"article\" \/>\n<meta property=\"og:title\" content=\"Awa Frauen - Awa Hotel\" \/>\n<meta property=\"og:description\" content=\"Unser AWA Women Event ging nach einer erfolgreichen Veranstaltung im M\u00e4rz und August 2020 in die zweite Runde. An diesem Abend lauschten wir authentischen Vortr\u00e4gen und waren mittendrin in spannenden Diskussionen \u00fcber Balance im Alltag. Bei all dem gro\u00dfen Engagement kommt der pers\u00f6nliche Ausgleich schnell zu kurz. Was wir dagegen tun k\u00f6nnen, abgesehen von einer [&hellip;]\" \/>\n<meta property=\"og:url\" content=\"https:\/\/www.awa-hotel.com\/de\/awa-frauen\/\" \/>\n<meta property=\"og:site_name\" content=\"Awa Hotel\" \/>\n<meta property=\"article:modified_time\" content=\"2021-02-05T14:24:49+00:00\" \/>\n<meta name=\"twitter:card\" content=\"summary_large_image\" \/>\n<meta name=\"twitter:label1\" content=\"Gesch\u00e4tzte Lesezeit\" \/>\n\t<meta name=\"twitter:data1\" content=\"1 Minute\" \/>\n<script type=\"application\/ld+json\" class=\"yoast-schema-graph\">{\"@context\":\"https:\/\/schema.org\",\"@graph\":[{\"@type\":\"WebPage\",\"@id\":\"https:\/\/www.awa-hotel.com\/de\/awa-frauen\/\",\"url\":\"https:\/\/www.awa-hotel.com\/de\/awa-frauen\/\",\"name\":\"Awa Frauen - Awa Hotel\",\"isPartOf\":{\"@id\":\"https:\/\/www.awa-hotel.com\/de\/#website\"},\"datePublished\":\"2021-01-25T17:13:42+00:00\",\"dateModified\":\"2021-02-05T14:24:49+00:00\",\"breadcrumb\":{\"@id\":\"https:\/\/www.awa-hotel.com\/de\/awa-frauen\/#breadcrumb\"},\"inLanguage\":\"de-DE\",\"potentialAction\":[{\"@type\":\"ReadAction\",\"target\":[\"https:\/\/www.awa-hotel.com\/de\/awa-frauen\/\"]}]},{\"@type\":\"BreadcrumbList\",\"@id\":\"https:\/\/www.awa-hotel.com\/de\/awa-frauen\/#breadcrumb\",\"itemListElement\":[{\"@type\":\"ListItem\",\"position\":1,\"name\":\"Home\",\"item\":\"https:\/\/www.awa-hotel.com\/de\/\"},{\"@type\":\"ListItem\",\"position\":2,\"name\":\"Awa Frauen\"}]},{\"@type\":\"WebSite\",\"@id\":\"https:\/\/www.awa-hotel.com\/de\/#website\",\"url\":\"https:\/\/www.awa-hotel.com\/de\/\",\"name\":\"Awa Hotel\",\"description\":\"\",\"potentialAction\":[{\"@type\":\"SearchAction\",\"target\":{\"@type\":\"EntryPoint\",\"urlTemplate\":\"https:\/\/www.awa-hotel.com\/de\/?s={search_term_string}\"},\"query-input\":{\"@type\":\"PropertyValueSpecification\",\"valueRequired\":true,\"valueName\":\"search_term_string\"}}],\"inLanguage\":\"de-DE\"}]}<\/script>\n<!-- \/ Yoast SEO plugin. -->","yoast_head_json":{"title":"Awa Frauen - Awa Hotel","robots":{"index":"index","follow":"follow","max-snippet":"max-snippet:-1","max-image-preview":"max-image-preview:large","max-video-preview":"max-video-preview:-1"},"canonical":"https:\/\/www.awa-hotel.com\/de\/awa-frauen\/","og_locale":"de_DE","og_type":"article","og_title":"Awa Frauen - Awa Hotel","og_description":"Unser AWA Women Event ging nach einer erfolgreichen Veranstaltung im M\u00e4rz und August 2020 in die zweite Runde. An diesem Abend lauschten wir authentischen Vortr\u00e4gen und waren mittendrin in spannenden Diskussionen \u00fcber Balance im Alltag. Bei all dem gro\u00dfen Engagement kommt der pers\u00f6nliche Ausgleich schnell zu kurz. Was wir dagegen tun k\u00f6nnen, abgesehen von einer [&hellip;]","og_url":"https:\/\/www.awa-hotel.com\/de\/awa-frauen\/","og_site_name":"Awa Hotel","article_modified_time":"2021-02-05T14:24:49+00:00","twitter_card":"summary_large_image","twitter_misc":{"Gesch\u00e4tzte Lesezeit":"1 Minute"},"schema":{"@context":"https:\/\/schema.org","@graph":[{"@type":"WebPage","@id":"https:\/\/www.awa-hotel.com\/de\/awa-frauen\/","url":"https:\/\/www.awa-hotel.com\/de\/awa-frauen\/","name":"Awa Frauen - Awa Hotel","isPartOf":{"@id":"https:\/\/www.awa-hotel.com\/de\/#website"},"datePublished":"2021-01-25T17:13:42+00:00","dateModified":"2021-02-05T14:24:49+00:00","breadcrumb":{"@id":"https:\/\/www.awa-hotel.com\/de\/awa-frauen\/#breadcrumb"},"inLanguage":"de-DE","potentialAction":[{"@type":"ReadAction","target":["https:\/\/www.awa-hotel.com\/de\/awa-frauen\/"]}]},{"@type":"BreadcrumbList","@id":"https:\/\/www.awa-hotel.com\/de\/awa-frauen\/#breadcrumb","itemListElement":[{"@type":"ListItem","position":1,"name":"Home","item":"https:\/\/www.awa-hotel.com\/de\/"},{"@type":"ListItem","position":2,"name":"Awa Frauen"}]},{"@type":"WebSite","@id":"https:\/\/www.awa-hotel.com\/de\/#website","url":"https:\/\/www.awa-hotel.com\/de\/","name":"Awa Hotel","description":"","potentialAction":[{"@type":"SearchAction","target":{"@type":"EntryPoint","urlTemplate":"https:\/\/www.awa-hotel.com\/de\/?s={search_term_string}"},"query-input":{"@type":"PropertyValueSpecification","valueRequired":true,"valueName":"search_term_string"}}],"inLanguage":"de-DE"}]}},"acf":[],"_links":{"self":[{"href":"https:\/\/www.awa-hotel.com\/de\/wp-json\/wp\/v2\/pages\/291","targetHints":{"allow":["GET"]}}],"collection":[{"href":"https:\/\/www.awa-hotel.com\/de\/wp-json\/wp\/v2\/pages"}],"about":[{"href":"https:\/\/www.awa-hotel.com\/de\/wp-json\/wp\/v2\/types\/page"}],"author":[{"embeddable":true,"href":"https:\/\/www.awa-hotel.com\/de\/wp-json\/wp\/v2\/users\/137"}],"replies":[{"embeddable":true,"href":"https:\/\/www.awa-hotel.com\/de\/wp-json\/wp\/v2\/comments?post=291"}],"version-history":[{"count":0,"href":"https:\/\/www.awa-hotel.com\/de\/wp-json\/wp\/v2\/pages\/291\/revisions"}],"wp:attachment":[{"href":"https:\/\/www.awa-hotel.com\/de\/wp-json\/wp\/v2\/media?parent=291"}],"curies":[{"name":"wp","href":"https:\/\/api.w.org\/{rel}","templated":true}]}}