{"id":292,"date":"2021-01-25T17:17:00","date_gmt":"2021-01-25T17:17:00","guid":{"rendered":"http:\/\/awa-hotel.ms.decms.eu\/artsy-kickoff\/"},"modified":"2021-02-05T14:25:37","modified_gmt":"2021-02-05T14:25:37","slug":"kunstvolles-kickoff","status":"publish","type":"page","link":"https:\/\/www.awa-hotel.com\/de\/kunstvolles-kickoff\/","title":{"rendered":"Kunstvolles KickOff"},"content":{"rendered":"<p>Im Juli fand das Artsy KickOff Event in unserem luftigen Innenhof statt. Gemeinsam mit unseren lieben Partnern Bavaria Wein und den M\u00e4dels von Schillerbr\u00e4u wurden die abstrakten Bilder von Kathrin Uberig zum ersten Mal \u00fcberhaupt gezeigt. Seitdem schm\u00fccken einige Ihrer Werke unser Haus und erinnern uns an einen gelungenen Abend.<\/p>\n<p>Feinschnabel versorgte unsere G\u00e4ste mit wahnsinnig leckerem Fingerfood. Mit einem k\u00fchlen Bier oder Wein in der Hand gab es gen\u00fcgend Zeit, die K\u00fcnstlerin und ihre Werke kennenzulernen und sich mit anderen Kunstliebhabern auszutauschen.<\/p>\n","protected":false},"excerpt":{"rendered":"<p>Im Juli fand das Artsy KickOff Event in unserem luftigen Innenhof statt. Gemeinsam mit unseren lieben Partnern Bavaria Wein und den M\u00e4dels von Schillerbr\u00e4u wurden die abstrakten Bilder von Kathrin Uberig zum ersten Mal \u00fcberhaupt gezeigt. Seitdem schm\u00fccken einige Ihrer Werke unser Haus und erinnern uns an einen gelungenen Abend. Feinschnabel versorgte unsere G\u00e4ste mit [&hellip;]<\/p>\n","protected":false},"author":137,"featured_media":0,"parent":0,"menu_order":63,"comment_status":"closed","ping_status":"closed","template":"","meta":{"footnotes":""},"class_list":["post-292","page","type-page","status-publish","hentry"],"yoast_head":"<!-- This site is optimized with the Yoast SEO plugin v26.9 - https:\/\/yoast.com\/product\/yoast-seo-wordpress\/ -->\n<title>Kunstvolles KickOff - Awa Hotel<\/title>\n<meta name=\"robots\" content=\"index, follow, max-snippet:-1, max-image-preview:large, max-video-preview:-1\" \/>\n<link rel=\"canonical\" href=\"https:\/\/www.awa-hotel.com\/de\/kunstvolles-kickoff\/\" \/>\n<meta property=\"og:locale\" content=\"de_DE\" \/>\n<meta property=\"og:type\" content=\"article\" \/>\n<meta property=\"og:title\" content=\"Kunstvolles KickOff - Awa Hotel\" \/>\n<meta property=\"og:description\" content=\"Im Juli fand das Artsy KickOff Event in unserem luftigen Innenhof statt. Gemeinsam mit unseren lieben Partnern Bavaria Wein und den M\u00e4dels von Schillerbr\u00e4u wurden die abstrakten Bilder von Kathrin Uberig zum ersten Mal \u00fcberhaupt gezeigt. Seitdem schm\u00fccken einige Ihrer Werke unser Haus und erinnern uns an einen gelungenen Abend. Feinschnabel versorgte unsere G\u00e4ste mit [&hellip;]\" \/>\n<meta property=\"og:url\" content=\"https:\/\/www.awa-hotel.com\/de\/kunstvolles-kickoff\/\" \/>\n<meta property=\"og:site_name\" content=\"Awa Hotel\" \/>\n<meta property=\"article:modified_time\" content=\"2021-02-05T14:25:37+00:00\" \/>\n<meta name=\"twitter:card\" content=\"summary_large_image\" \/>\n<script type=\"application\/ld+json\" class=\"yoast-schema-graph\">{\"@context\":\"https:\/\/schema.org\",\"@graph\":[{\"@type\":\"WebPage\",\"@id\":\"https:\/\/www.awa-hotel.com\/de\/kunstvolles-kickoff\/\",\"url\":\"https:\/\/www.awa-hotel.com\/de\/kunstvolles-kickoff\/\",\"name\":\"Kunstvolles KickOff - Awa Hotel\",\"isPartOf\":{\"@id\":\"https:\/\/www.awa-hotel.com\/de\/#website\"},\"datePublished\":\"2021-01-25T17:17:00+00:00\",\"dateModified\":\"2021-02-05T14:25:37+00:00\",\"breadcrumb\":{\"@id\":\"https:\/\/www.awa-hotel.com\/de\/kunstvolles-kickoff\/#breadcrumb\"},\"inLanguage\":\"de-DE\",\"potentialAction\":[{\"@type\":\"ReadAction\",\"target\":[\"https:\/\/www.awa-hotel.com\/de\/kunstvolles-kickoff\/\"]}]},{\"@type\":\"BreadcrumbList\",\"@id\":\"https:\/\/www.awa-hotel.com\/de\/kunstvolles-kickoff\/#breadcrumb\",\"itemListElement\":[{\"@type\":\"ListItem\",\"position\":1,\"name\":\"Home\",\"item\":\"https:\/\/www.awa-hotel.com\/de\/\"},{\"@type\":\"ListItem\",\"position\":2,\"name\":\"Kunstvolles KickOff\"}]},{\"@type\":\"WebSite\",\"@id\":\"https:\/\/www.awa-hotel.com\/de\/#website\",\"url\":\"https:\/\/www.awa-hotel.com\/de\/\",\"name\":\"Awa Hotel\",\"description\":\"\",\"potentialAction\":[{\"@type\":\"SearchAction\",\"target\":{\"@type\":\"EntryPoint\",\"urlTemplate\":\"https:\/\/www.awa-hotel.com\/de\/?s={search_term_string}\"},\"query-input\":{\"@type\":\"PropertyValueSpecification\",\"valueRequired\":true,\"valueName\":\"search_term_string\"}}],\"inLanguage\":\"de-DE\"}]}<\/script>\n<!-- \/ Yoast SEO plugin. -->","yoast_head_json":{"title":"Kunstvolles KickOff - Awa Hotel","robots":{"index":"index","follow":"follow","max-snippet":"max-snippet:-1","max-image-preview":"max-image-preview:large","max-video-preview":"max-video-preview:-1"},"canonical":"https:\/\/www.awa-hotel.com\/de\/kunstvolles-kickoff\/","og_locale":"de_DE","og_type":"article","og_title":"Kunstvolles KickOff - Awa Hotel","og_description":"Im Juli fand das Artsy KickOff Event in unserem luftigen Innenhof statt. Gemeinsam mit unseren lieben Partnern Bavaria Wein und den M\u00e4dels von Schillerbr\u00e4u wurden die abstrakten Bilder von Kathrin Uberig zum ersten Mal \u00fcberhaupt gezeigt. Seitdem schm\u00fccken einige Ihrer Werke unser Haus und erinnern uns an einen gelungenen Abend. Feinschnabel versorgte unsere G\u00e4ste mit [&hellip;]","og_url":"https:\/\/www.awa-hotel.com\/de\/kunstvolles-kickoff\/","og_site_name":"Awa Hotel","article_modified_time":"2021-02-05T14:25:37+00:00","twitter_card":"summary_large_image","schema":{"@context":"https:\/\/schema.org","@graph":[{"@type":"WebPage","@id":"https:\/\/www.awa-hotel.com\/de\/kunstvolles-kickoff\/","url":"https:\/\/www.awa-hotel.com\/de\/kunstvolles-kickoff\/","name":"Kunstvolles KickOff - Awa Hotel","isPartOf":{"@id":"https:\/\/www.awa-hotel.com\/de\/#website"},"datePublished":"2021-01-25T17:17:00+00:00","dateModified":"2021-02-05T14:25:37+00:00","breadcrumb":{"@id":"https:\/\/www.awa-hotel.com\/de\/kunstvolles-kickoff\/#breadcrumb"},"inLanguage":"de-DE","potentialAction":[{"@type":"ReadAction","target":["https:\/\/www.awa-hotel.com\/de\/kunstvolles-kickoff\/"]}]},{"@type":"BreadcrumbList","@id":"https:\/\/www.awa-hotel.com\/de\/kunstvolles-kickoff\/#breadcrumb","itemListElement":[{"@type":"ListItem","position":1,"name":"Home","item":"https:\/\/www.awa-hotel.com\/de\/"},{"@type":"ListItem","position":2,"name":"Kunstvolles KickOff"}]},{"@type":"WebSite","@id":"https:\/\/www.awa-hotel.com\/de\/#website","url":"https:\/\/www.awa-hotel.com\/de\/","name":"Awa Hotel","description":"","potentialAction":[{"@type":"SearchAction","target":{"@type":"EntryPoint","urlTemplate":"https:\/\/www.awa-hotel.com\/de\/?s={search_term_string}"},"query-input":{"@type":"PropertyValueSpecification","valueRequired":true,"valueName":"search_term_string"}}],"inLanguage":"de-DE"}]}},"acf":[],"_links":{"self":[{"href":"https:\/\/www.awa-hotel.com\/de\/wp-json\/wp\/v2\/pages\/292","targetHints":{"allow":["GET"]}}],"collection":[{"href":"https:\/\/www.awa-hotel.com\/de\/wp-json\/wp\/v2\/pages"}],"about":[{"href":"https:\/\/www.awa-hotel.com\/de\/wp-json\/wp\/v2\/types\/page"}],"author":[{"embeddable":true,"href":"https:\/\/www.awa-hotel.com\/de\/wp-json\/wp\/v2\/users\/137"}],"replies":[{"embeddable":true,"href":"https:\/\/www.awa-hotel.com\/de\/wp-json\/wp\/v2\/comments?post=292"}],"version-history":[{"count":0,"href":"https:\/\/www.awa-hotel.com\/de\/wp-json\/wp\/v2\/pages\/292\/revisions"}],"wp:attachment":[{"href":"https:\/\/www.awa-hotel.com\/de\/wp-json\/wp\/v2\/media?parent=292"}],"curies":[{"name":"wp","href":"https:\/\/api.w.org\/{rel}","templated":true}]}}