{"id":293,"date":"2020-11-19T17:35:13","date_gmt":"2020-11-19T17:35:13","guid":{"rendered":"http:\/\/awa-hotel.ms.decms.eu\/location\/"},"modified":"2026-04-03T10:42:06","modified_gmt":"2026-04-03T10:42:06","slug":"location","status":"publish","type":"page","link":"https:\/\/www.awa-hotel.com\/de\/location\/","title":{"rendered":"Location"},"content":{"rendered":"<p>Das AWA Hotel befindet sich im Herzen der Stadt M\u00fcnchen, nur wenige Meter vom Hauptbahnhof oder anderen Attraktionen entfernt. Man k\u00f6nnte sagen, der perfekte Ort f\u00fcr Gesch\u00e4ftsreisende, Touristen oder eben jeden, der eine Nacht in der aufregenden Stadt verbringt.<\/p>\n<p>Zahlreiche Pl\u00e4tze wie der Marienplatz, der Viktualienmarkt, die Theresienwiese (wo das Oktoberfest stattfindet), die Frauenkirche oder die Haltestelle der Sightseeing Busse befinden sich in unmittelbarer N\u00e4he.<br \/>\n<em> Gut zu wissen: Tickets f\u00fcr die Bustouren k\u00f6nnen direkt im Hotel oder <a href=\"https:\/\/experiences.amadeus-discover.com\/v3\/share\/259b2805-f668-4460-af0f-ab16da3e0cfe\" target=\"_blank\" rel=\"noopener\">hier<\/a> gekauft werden.<\/em><\/p>\n<p>Einkaufsm\u00f6glichkeiten befinden sich am Marienplatz sowie am Stachus. Traditionell bayerische Essen, aber auch andere gute und preisewerte Alternativen finden Sie ebenfalls in der Umgebung. Es gibt f\u00fcr jeden Geschmack etwas!<br \/>\nNachdem der Tag in unserer sch\u00f6nen Stadt zu Ende ist, begr\u00fc\u00dfen wir Sie wieder im Hotel zu einem Drink an der <a href=\"https:\/\/www.awa-hotel.com\/de\/services\/lounge-awa-hotel\/\" target=\"_blank\" rel=\"noopener\">Bar<\/a>.<\/p>\n<hr \/>\n<h3 data-start=\"174\" data-end=\"209\"><strong data-start=\"177\" data-end=\"207\">\u00d6FFENTLICHE VERKEHRSMITTEL<\/strong><\/h3>\n<h3 data-start=\"211\" data-end=\"247\"><strong data-start=\"215\" data-end=\"245\">Vom M\u00fcnchner Hauptbahnhof:<\/strong><\/h3>\n<p data-start=\"248\" data-end=\"391\">Verlassen Sie den Bahnhof in Richtung <strong data-start=\"286\" data-end=\"304\">Schillerstra\u00dfe<\/strong>. Gehen Sie etwa <strong data-start=\"321\" data-end=\"333\">50 Meter<\/strong>, und das Hotel befindet sich auf der <strong data-start=\"371\" data-end=\"388\">rechten Seite<\/strong>.<\/p>\n<h3 data-start=\"393\" data-end=\"425\"><strong data-start=\"397\" data-end=\"423\">Vom Flughafen M\u00fcnchen:<\/strong><\/h3>\n<p data-start=\"426\" data-end=\"572\">Nehmen Sie die <strong data-start=\"441\" data-end=\"468\">S-Bahn-Linie S1 oder S8<\/strong> bis zum <strong data-start=\"477\" data-end=\"502\">M\u00fcnchner Hauptbahnhof<\/strong>. Von dort folgen Sie der oben beschriebenen Wegbeschreibung zu Fu\u00df.<\/p>\n<hr data-start=\"574\" data-end=\"577\" \/>\n<h3 data-start=\"579\" data-end=\"608\"><strong data-start=\"582\" data-end=\"606\">ANREISE MIT DEM AUTO<\/strong><\/h3>\n<p id=\"tw-target-text\" class=\"tw-data-text tw-text-large tw-ta\" dir=\"ltr\" role=\"text\" data-placeholder=\"Vertaling\" data-ved=\"2ahUKEwiut-edvtGTAxVxSPEDHcyVNGQQ3ewLegQIDBAW\" aria-label=\"Vertaalde tekst: Das Hotel ist mit dem Auto erreichbar (Schillerstra\u00dfe 10). G\u00e4ste k\u00f6nnen kurzzeitig neben dem Hotel parken, um ihr Gep\u00e4ck auszuladen und einzuchecken.\"><span class=\"Y2IQFc\" lang=\"de\">Das Hotel ist mit dem Auto erreichbar (Schillerstra\u00dfe 10). G\u00e4ste k\u00f6nnen kurzzeitig neben dem Hotel parken, um ihr Gep\u00e4ck auszuladen und einzuchecken.<\/span><\/p>\n<hr data-start=\"574\" data-end=\"577\" \/>\n<h3>Anfahrt\/Parken<\/h3>\n<p>Sie d\u00fcrfen zum Ausladen vor dem Hotel stehen bleiben, von dort aus sind wir Ihnen gerne behilflich und erkl\u00e4ren den Weg zum naheliegenden Parkhaus.<\/p>\n<p>Gerne reservieren wir Ihnen bereits vorab einen Parkplatz in einer Tiefgarage f\u00fcr 20,00 \u20ac pro Tag. Dazu bekommen Sie vom Hotel eine Plastikparkarte (solange vorr\u00e4tig), mit welcher Sie zu jederzeit und so oft Sie m\u00f6chten in das Parkhaus fahren k\u00f6nnen. Die Adresse des City Parking ist die Senefelderstra\u00dfe 7-13. Sie k\u00f6nnen nat\u00fcrlich auch direkt am Parkhaus eine Papier Parkkarte ziehen, diese kostet 25,00 \u20ac pro Tag.<\/p>\n<p>Eine weitere Option ist die CONTIPARK Tiefgarage am Stachus, in der Herzog-Wilhelm-Stra\u00dfe 11, ca. 7 Gehminuten vom Hotel entfernt. Diese kostet 35,00 \u20ac pro Tag. Weitere Informationen k\u00f6nnen Sie beim Parkhause selbst erfahren.<\/p>\n<p>Vergessen Sie bitte nicht, dass M\u00fcnchen zu einer Umweltzone geh\u00f6rt und nur mit gr\u00fcner Plakette befahrbar ist. Mehr Infos dazu finden Sie unter folgendem <a href=\"https:\/\/stadt.muenchen.de\/infos\/umweltzone-muenchen.html#:~:text=Wo%20erhalte%20ich%20die%20Umweltplakette,zwischen%205%20und%2015%20Euro.\" target=\"_blank\" rel=\"noopener\">Link.<\/a><\/p>\n<div class=\"flex max-w-full flex-col flex-grow\">\n<div class=\"min-h-8 text-message relative flex w-full flex-col items-end gap-2 whitespace-normal break-words text-start [.text-message+&amp;]:mt-5\" dir=\"auto\" data-message-author-role=\"assistant\" data-message-id=\"ed446f7a-cc8e-4ecc-9bc6-4aa813204f31\" data-message-model-slug=\"gpt-4o\">\n<div class=\"flex w-full flex-col gap-1 empty:hidden first:pt-[3px]\">\n<div class=\"markdown prose w-full break-words dark:prose-invert light\">\n<hr data-start=\"574\" data-end=\"577\" \/>\n<h3 data-start=\"2078\" data-end=\"2095\"><strong data-start=\"2081\" data-end=\"2093\">UMGEBUNG<\/strong><\/h3>\n<p data-start=\"2097\" data-end=\"2348\">Die <strong data-start=\"2101\" data-end=\"2119\">Schillerstra\u00dfe<\/strong> ist ein <strong data-start=\"2128\" data-end=\"2168\">lebendiges, multikulturelles Viertel<\/strong> mit einer Vielzahl an <strong data-start=\"2191\" data-end=\"2228\">Gesch\u00e4ften, Restaurants und Caf\u00e9s<\/strong>. W\u00e4hrend die Gegend einen <strong data-start=\"2255\" data-end=\"2276\">urbanen Charakter<\/strong> hat, ist die <strong data-start=\"2290\" data-end=\"2315\">N\u00e4he zum Hauptbahnhof<\/strong> ideal, um M\u00fcnchen zu erkunden.<\/p>\n<p data-start=\"2350\" data-end=\"2420\">In wenigen Gehminuten erreichen Sie bekannte Sehensw\u00fcrdigkeiten wie:<\/p>\n<ul data-start=\"2421\" data-end=\"2514\">\n<li data-start=\"2421\" data-end=\"2440\"><strong data-start=\"2423\" data-end=\"2438\">Marienplatz<\/strong><\/li>\n<li data-start=\"2441\" data-end=\"2469\"><strong data-start=\"2443\" data-end=\"2467\">Karlsplatz (Stachus)<\/strong><\/li>\n<li data-start=\"2470\" data-end=\"2514\"><strong data-start=\"2472\" data-end=\"2512\">Theresienwiese (Oktoberfest-Gel\u00e4nde)<\/strong><\/li>\n<\/ul>\n<p data-start=\"2516\" data-end=\"2712\" data-is-last-node=\"\" data-is-only-node=\"\">Die Gegend ist <strong data-start=\"2531\" data-end=\"2541\">sicher<\/strong>, allerdings kann es \u2013 wie in vielen zentralen Stadtvierteln \u2013 besonders abends <strong data-start=\"2621\" data-end=\"2631\">belebt<\/strong> sein. Viele G\u00e4ste sch\u00e4tzen jedoch die <strong data-start=\"2670\" data-end=\"2711\">hervorragende Lage und Erreichbarkeit<\/strong><\/p>\n<\/div>\n<\/div>\n<\/div>\n<\/div>\n<hr data-start=\"574\" data-end=\"577\" \/>\n<h3>Transfer zum Hotel<\/h3>\n<p>Brauchen Sie ein Taxi zum Hotel?<br \/>\nBuchen Sie direkt Ihren Transfer:<br \/>\n<a href=\"https:\/\/new.transfersforhotels.com\/h\/munich\/awa-hotel\" target=\"_blank\" rel=\"noopener\">Transfer Buchen.<\/a><\/p>\n","protected":false},"excerpt":{"rendered":"<p>Das AWA Hotel befindet sich im Herzen der Stadt M\u00fcnchen, nur wenige Meter vom Hauptbahnhof oder anderen Attraktionen entfernt. Man k\u00f6nnte sagen, der perfekte Ort f\u00fcr Gesch\u00e4ftsreisende, Touristen oder eben jeden, der eine Nacht in der aufregenden Stadt verbringt. Zahlreiche Pl\u00e4tze wie der Marienplatz, der Viktualienmarkt, die Theresienwiese (wo das Oktoberfest stattfindet), die Frauenkirche oder [&hellip;]<\/p>\n","protected":false},"author":137,"featured_media":0,"parent":0,"menu_order":100,"comment_status":"closed","ping_status":"closed","template":"template-location.php","meta":{"footnotes":""},"class_list":["post-293","page","type-page","status-publish","hentry"],"yoast_head":"<!-- This site is optimized with the Yoast SEO plugin v26.9 - https:\/\/yoast.com\/product\/yoast-seo-wordpress\/ -->\n<title>Location - Awa Hotel<\/title>\n<meta name=\"robots\" content=\"index, follow, max-snippet:-1, max-image-preview:large, max-video-preview:-1\" \/>\n<link rel=\"canonical\" href=\"https:\/\/www.awa-hotel.com\/de\/location\/\" \/>\n<meta property=\"og:locale\" content=\"de_DE\" \/>\n<meta property=\"og:type\" content=\"article\" \/>\n<meta property=\"og:title\" content=\"Location - Awa Hotel\" \/>\n<meta property=\"og:description\" content=\"Das AWA Hotel befindet sich im Herzen der Stadt M\u00fcnchen, nur wenige Meter vom Hauptbahnhof oder anderen Attraktionen entfernt. Man k\u00f6nnte sagen, der perfekte Ort f\u00fcr Gesch\u00e4ftsreisende, Touristen oder eben jeden, der eine Nacht in der aufregenden Stadt verbringt. Zahlreiche Pl\u00e4tze wie der Marienplatz, der Viktualienmarkt, die Theresienwiese (wo das Oktoberfest stattfindet), die Frauenkirche oder [&hellip;]\" \/>\n<meta property=\"og:url\" content=\"https:\/\/www.awa-hotel.com\/de\/location\/\" \/>\n<meta property=\"og:site_name\" content=\"Awa Hotel\" \/>\n<meta property=\"article:modified_time\" content=\"2026-04-03T10:42:06+00:00\" \/>\n<meta name=\"twitter:card\" content=\"summary_large_image\" \/>\n<meta name=\"twitter:label1\" content=\"Gesch\u00e4tzte Lesezeit\" \/>\n\t<meta name=\"twitter:data1\" content=\"2 Minuten\" \/>\n<script type=\"application\/ld+json\" class=\"yoast-schema-graph\">{\"@context\":\"https:\/\/schema.org\",\"@graph\":[{\"@type\":\"WebPage\",\"@id\":\"https:\/\/www.awa-hotel.com\/de\/location\/\",\"url\":\"https:\/\/www.awa-hotel.com\/de\/location\/\",\"name\":\"Location - Awa Hotel\",\"isPartOf\":{\"@id\":\"https:\/\/www.awa-hotel.com\/de\/#website\"},\"datePublished\":\"2020-11-19T17:35:13+00:00\",\"dateModified\":\"2026-04-03T10:42:06+00:00\",\"breadcrumb\":{\"@id\":\"https:\/\/www.awa-hotel.com\/de\/location\/#breadcrumb\"},\"inLanguage\":\"de-DE\",\"potentialAction\":[{\"@type\":\"ReadAction\",\"target\":[\"https:\/\/www.awa-hotel.com\/de\/location\/\"]}]},{\"@type\":\"BreadcrumbList\",\"@id\":\"https:\/\/www.awa-hotel.com\/de\/location\/#breadcrumb\",\"itemListElement\":[{\"@type\":\"ListItem\",\"position\":1,\"name\":\"Home\",\"item\":\"https:\/\/www.awa-hotel.com\/de\/\"},{\"@type\":\"ListItem\",\"position\":2,\"name\":\"Location\"}]},{\"@type\":\"WebSite\",\"@id\":\"https:\/\/www.awa-hotel.com\/de\/#website\",\"url\":\"https:\/\/www.awa-hotel.com\/de\/\",\"name\":\"Awa Hotel\",\"description\":\"\",\"potentialAction\":[{\"@type\":\"SearchAction\",\"target\":{\"@type\":\"EntryPoint\",\"urlTemplate\":\"https:\/\/www.awa-hotel.com\/de\/?s={search_term_string}\"},\"query-input\":{\"@type\":\"PropertyValueSpecification\",\"valueRequired\":true,\"valueName\":\"search_term_string\"}}],\"inLanguage\":\"de-DE\"}]}<\/script>\n<!-- \/ Yoast SEO plugin. -->","yoast_head_json":{"title":"Location - Awa Hotel","robots":{"index":"index","follow":"follow","max-snippet":"max-snippet:-1","max-image-preview":"max-image-preview:large","max-video-preview":"max-video-preview:-1"},"canonical":"https:\/\/www.awa-hotel.com\/de\/location\/","og_locale":"de_DE","og_type":"article","og_title":"Location - Awa Hotel","og_description":"Das AWA Hotel befindet sich im Herzen der Stadt M\u00fcnchen, nur wenige Meter vom Hauptbahnhof oder anderen Attraktionen entfernt. Man k\u00f6nnte sagen, der perfekte Ort f\u00fcr Gesch\u00e4ftsreisende, Touristen oder eben jeden, der eine Nacht in der aufregenden Stadt verbringt. Zahlreiche Pl\u00e4tze wie der Marienplatz, der Viktualienmarkt, die Theresienwiese (wo das Oktoberfest stattfindet), die Frauenkirche oder [&hellip;]","og_url":"https:\/\/www.awa-hotel.com\/de\/location\/","og_site_name":"Awa Hotel","article_modified_time":"2026-04-03T10:42:06+00:00","twitter_card":"summary_large_image","twitter_misc":{"Gesch\u00e4tzte Lesezeit":"2 Minuten"},"schema":{"@context":"https:\/\/schema.org","@graph":[{"@type":"WebPage","@id":"https:\/\/www.awa-hotel.com\/de\/location\/","url":"https:\/\/www.awa-hotel.com\/de\/location\/","name":"Location - Awa Hotel","isPartOf":{"@id":"https:\/\/www.awa-hotel.com\/de\/#website"},"datePublished":"2020-11-19T17:35:13+00:00","dateModified":"2026-04-03T10:42:06+00:00","breadcrumb":{"@id":"https:\/\/www.awa-hotel.com\/de\/location\/#breadcrumb"},"inLanguage":"de-DE","potentialAction":[{"@type":"ReadAction","target":["https:\/\/www.awa-hotel.com\/de\/location\/"]}]},{"@type":"BreadcrumbList","@id":"https:\/\/www.awa-hotel.com\/de\/location\/#breadcrumb","itemListElement":[{"@type":"ListItem","position":1,"name":"Home","item":"https:\/\/www.awa-hotel.com\/de\/"},{"@type":"ListItem","position":2,"name":"Location"}]},{"@type":"WebSite","@id":"https:\/\/www.awa-hotel.com\/de\/#website","url":"https:\/\/www.awa-hotel.com\/de\/","name":"Awa Hotel","description":"","potentialAction":[{"@type":"SearchAction","target":{"@type":"EntryPoint","urlTemplate":"https:\/\/www.awa-hotel.com\/de\/?s={search_term_string}"},"query-input":{"@type":"PropertyValueSpecification","valueRequired":true,"valueName":"search_term_string"}}],"inLanguage":"de-DE"}]}},"acf":[],"_links":{"self":[{"href":"https:\/\/www.awa-hotel.com\/de\/wp-json\/wp\/v2\/pages\/293","targetHints":{"allow":["GET"]}}],"collection":[{"href":"https:\/\/www.awa-hotel.com\/de\/wp-json\/wp\/v2\/pages"}],"about":[{"href":"https:\/\/www.awa-hotel.com\/de\/wp-json\/wp\/v2\/types\/page"}],"author":[{"embeddable":true,"href":"https:\/\/www.awa-hotel.com\/de\/wp-json\/wp\/v2\/users\/137"}],"replies":[{"embeddable":true,"href":"https:\/\/www.awa-hotel.com\/de\/wp-json\/wp\/v2\/comments?post=293"}],"version-history":[{"count":0,"href":"https:\/\/www.awa-hotel.com\/de\/wp-json\/wp\/v2\/pages\/293\/revisions"}],"wp:attachment":[{"href":"https:\/\/www.awa-hotel.com\/de\/wp-json\/wp\/v2\/media?parent=293"}],"curies":[{"name":"wp","href":"https:\/\/api.w.org\/{rel}","templated":true}]}}