{"id":471,"date":"2021-12-20T12:14:24","date_gmt":"2021-12-20T12:14:24","guid":{"rendered":"https:\/\/www.awa-hotel.com\/?page_id=471"},"modified":"2021-12-20T12:14:24","modified_gmt":"2021-12-20T12:14:24","slug":"impressum","status":"publish","type":"page","link":"https:\/\/www.awa-hotel.com\/de\/impressum\/","title":{"rendered":"Impressum"},"content":{"rendered":"<p>AWA Hotel GmbH<br \/>\nGesch\u00e4ftsr\u00e4ume: Schillerstra\u00dfe 10, 80336 M\u00fcnchen<br \/>\nPostanschrift: Schillerstra\u00dfe 10, 80336 M\u00fcnchen<\/p>\n<p><span style=\"text-decoration: underline;\">Kontakt bei Fragen zum Unternehmen<\/span><br \/>\nTelefon: (0)89 904218585<br \/>\nE-Mail: <a href=\"mailto:hello@awa-hotel.com\">hello@awa-hotel.com<\/a><\/p>\n<p><span style=\"text-decoration: underline;\">Vertretungsberechtigte\/Vorstand<\/span><br \/>\nAnita Wandinger-Nolen<\/p>\n<p><span style=\"text-decoration: underline;\">Registereintrag<\/span><br \/>\nHandelsregister, Amtsgericht M\u00fcnchen HRB 239815<\/p>\n<p><span style=\"text-decoration: underline;\">Umsatzsteuer-Identifikations-Nummer<\/span><br \/>\nDE319064160<\/p>\n","protected":false},"excerpt":{"rendered":"<p>AWA Hotel GmbH Gesch\u00e4ftsr\u00e4ume: Schillerstra\u00dfe 10, 80336 M\u00fcnchen Postanschrift: Schillerstra\u00dfe 10, 80336 M\u00fcnchen Kontakt bei Fragen zum Unternehmen Telefon: (0)89 904218585 E-Mail: hello@awa-hotel.com Vertretungsberechtigte\/Vorstand Anita Wandinger-Nolen Registereintrag Handelsregister, Amtsgericht M\u00fcnchen HRB 239815 Umsatzsteuer-Identifikations-Nummer DE319064160<\/p>\n","protected":false},"author":134,"featured_media":0,"parent":0,"menu_order":0,"comment_status":"closed","ping_status":"closed","template":"","meta":{"footnotes":""},"class_list":["post-471","page","type-page","status-publish","hentry"],"yoast_head":"<!-- This site is optimized with the Yoast SEO plugin v26.9 - https:\/\/yoast.com\/product\/yoast-seo-wordpress\/ -->\n<title>Impressum - Awa Hotel<\/title>\n<meta name=\"robots\" content=\"index, follow, max-snippet:-1, max-image-preview:large, max-video-preview:-1\" \/>\n<link rel=\"canonical\" href=\"https:\/\/www.awa-hotel.com\/de\/impressum\/\" \/>\n<meta property=\"og:locale\" content=\"de_DE\" \/>\n<meta property=\"og:type\" content=\"article\" \/>\n<meta property=\"og:title\" content=\"Impressum - Awa Hotel\" \/>\n<meta property=\"og:description\" content=\"AWA Hotel GmbH Gesch\u00e4ftsr\u00e4ume: Schillerstra\u00dfe 10, 80336 M\u00fcnchen Postanschrift: Schillerstra\u00dfe 10, 80336 M\u00fcnchen Kontakt bei Fragen zum Unternehmen Telefon: (0)89 904218585 E-Mail: hello@awa-hotel.com Vertretungsberechtigte\/Vorstand Anita Wandinger-Nolen Registereintrag Handelsregister, Amtsgericht M\u00fcnchen HRB 239815 Umsatzsteuer-Identifikations-Nummer DE319064160\" \/>\n<meta property=\"og:url\" content=\"https:\/\/www.awa-hotel.com\/de\/impressum\/\" \/>\n<meta property=\"og:site_name\" content=\"Awa Hotel\" \/>\n<meta name=\"twitter:card\" content=\"summary_large_image\" \/>\n<script type=\"application\/ld+json\" class=\"yoast-schema-graph\">{\"@context\":\"https:\/\/schema.org\",\"@graph\":[{\"@type\":\"WebPage\",\"@id\":\"https:\/\/www.awa-hotel.com\/de\/impressum\/\",\"url\":\"https:\/\/www.awa-hotel.com\/de\/impressum\/\",\"name\":\"Impressum - Awa Hotel\",\"isPartOf\":{\"@id\":\"https:\/\/www.awa-hotel.com\/de\/#website\"},\"datePublished\":\"2021-12-20T12:14:24+00:00\",\"breadcrumb\":{\"@id\":\"https:\/\/www.awa-hotel.com\/de\/impressum\/#breadcrumb\"},\"inLanguage\":\"de-DE\",\"potentialAction\":[{\"@type\":\"ReadAction\",\"target\":[\"https:\/\/www.awa-hotel.com\/de\/impressum\/\"]}]},{\"@type\":\"BreadcrumbList\",\"@id\":\"https:\/\/www.awa-hotel.com\/de\/impressum\/#breadcrumb\",\"itemListElement\":[{\"@type\":\"ListItem\",\"position\":1,\"name\":\"Home\",\"item\":\"https:\/\/www.awa-hotel.com\/de\/\"},{\"@type\":\"ListItem\",\"position\":2,\"name\":\"Impressum\"}]},{\"@type\":\"WebSite\",\"@id\":\"https:\/\/www.awa-hotel.com\/de\/#website\",\"url\":\"https:\/\/www.awa-hotel.com\/de\/\",\"name\":\"Awa Hotel\",\"description\":\"\",\"potentialAction\":[{\"@type\":\"SearchAction\",\"target\":{\"@type\":\"EntryPoint\",\"urlTemplate\":\"https:\/\/www.awa-hotel.com\/de\/?s={search_term_string}\"},\"query-input\":{\"@type\":\"PropertyValueSpecification\",\"valueRequired\":true,\"valueName\":\"search_term_string\"}}],\"inLanguage\":\"de-DE\"}]}<\/script>\n<!-- \/ Yoast SEO plugin. -->","yoast_head_json":{"title":"Impressum - Awa Hotel","robots":{"index":"index","follow":"follow","max-snippet":"max-snippet:-1","max-image-preview":"max-image-preview:large","max-video-preview":"max-video-preview:-1"},"canonical":"https:\/\/www.awa-hotel.com\/de\/impressum\/","og_locale":"de_DE","og_type":"article","og_title":"Impressum - Awa Hotel","og_description":"AWA Hotel GmbH Gesch\u00e4ftsr\u00e4ume: Schillerstra\u00dfe 10, 80336 M\u00fcnchen Postanschrift: Schillerstra\u00dfe 10, 80336 M\u00fcnchen Kontakt bei Fragen zum Unternehmen Telefon: (0)89 904218585 E-Mail: hello@awa-hotel.com Vertretungsberechtigte\/Vorstand Anita Wandinger-Nolen Registereintrag Handelsregister, Amtsgericht M\u00fcnchen HRB 239815 Umsatzsteuer-Identifikations-Nummer DE319064160","og_url":"https:\/\/www.awa-hotel.com\/de\/impressum\/","og_site_name":"Awa Hotel","twitter_card":"summary_large_image","schema":{"@context":"https:\/\/schema.org","@graph":[{"@type":"WebPage","@id":"https:\/\/www.awa-hotel.com\/de\/impressum\/","url":"https:\/\/www.awa-hotel.com\/de\/impressum\/","name":"Impressum - Awa Hotel","isPartOf":{"@id":"https:\/\/www.awa-hotel.com\/de\/#website"},"datePublished":"2021-12-20T12:14:24+00:00","breadcrumb":{"@id":"https:\/\/www.awa-hotel.com\/de\/impressum\/#breadcrumb"},"inLanguage":"de-DE","potentialAction":[{"@type":"ReadAction","target":["https:\/\/www.awa-hotel.com\/de\/impressum\/"]}]},{"@type":"BreadcrumbList","@id":"https:\/\/www.awa-hotel.com\/de\/impressum\/#breadcrumb","itemListElement":[{"@type":"ListItem","position":1,"name":"Home","item":"https:\/\/www.awa-hotel.com\/de\/"},{"@type":"ListItem","position":2,"name":"Impressum"}]},{"@type":"WebSite","@id":"https:\/\/www.awa-hotel.com\/de\/#website","url":"https:\/\/www.awa-hotel.com\/de\/","name":"Awa Hotel","description":"","potentialAction":[{"@type":"SearchAction","target":{"@type":"EntryPoint","urlTemplate":"https:\/\/www.awa-hotel.com\/de\/?s={search_term_string}"},"query-input":{"@type":"PropertyValueSpecification","valueRequired":true,"valueName":"search_term_string"}}],"inLanguage":"de-DE"}]}},"acf":[],"_links":{"self":[{"href":"https:\/\/www.awa-hotel.com\/de\/wp-json\/wp\/v2\/pages\/471","targetHints":{"allow":["GET"]}}],"collection":[{"href":"https:\/\/www.awa-hotel.com\/de\/wp-json\/wp\/v2\/pages"}],"about":[{"href":"https:\/\/www.awa-hotel.com\/de\/wp-json\/wp\/v2\/types\/page"}],"author":[{"embeddable":true,"href":"https:\/\/www.awa-hotel.com\/de\/wp-json\/wp\/v2\/users\/134"}],"replies":[{"embeddable":true,"href":"https:\/\/www.awa-hotel.com\/de\/wp-json\/wp\/v2\/comments?post=471"}],"version-history":[{"count":0,"href":"https:\/\/www.awa-hotel.com\/de\/wp-json\/wp\/v2\/pages\/471\/revisions"}],"wp:attachment":[{"href":"https:\/\/www.awa-hotel.com\/de\/wp-json\/wp\/v2\/media?parent=471"}],"curies":[{"name":"wp","href":"https:\/\/api.w.org\/{rel}","templated":true}]}}