{"id":495,"date":"2022-05-02T10:46:56","date_gmt":"2022-05-02T10:46:56","guid":{"rendered":"https:\/\/www.awa-hotel.com\/?page_id=495"},"modified":"2025-04-02T08:19:05","modified_gmt":"2025-04-02T08:19:05","slug":"online-check-in","status":"publish","type":"page","link":"https:\/\/www.awa-hotel.com\/de\/ueber-awa\/online-check-in\/","title":{"rendered":"Online-check-in"},"content":{"rendered":"<p>Sie haben auf Ihrer Reise nach M\u00fcnchen noch ein wenig Zeit und w\u00fcrden die Wartezeit an der Rezeption gerne verringern? Dann erledigen Sie doch direkt schon den online Check-in und genie\u00dfen die dadurch entstehenden Vorteile, wie Zimmerschl\u00fcssel als QR-Code auf dem eigenen Handy. Dazu erhalten Sie 2 Tage vor Anreise eine E-Mail von uns, mit einem Link zu Ihrem pers\u00f6nlichen Meldeschein sowie weiteren Informationen.<\/p>\n<p>Bei Registrierung mit derselben E-Mail wie bei Ihrer Buchung wird diese Buchung automatisch in der App angezeigt, ansonsten k\u00f6nnen Sie diese manuell hinzuf\u00fcgen. Am Anreisetag ab 15 Uhr und nach Bezahlung des Zimmers erscheint dort Ihre Zimmernummer und Ihr QR Code, welcher die Eingangst\u00fcr und Ihre Zimmert\u00fcr per Bluetooth \u00f6ffnet.<\/p>\n<p>&nbsp;<\/p>\n","protected":false},"excerpt":{"rendered":"<p>Sie haben auf Ihrer Reise nach M\u00fcnchen noch ein wenig Zeit und w\u00fcrden die Wartezeit an der Rezeption gerne verringern? Dann erledigen Sie doch direkt schon den online Check-in und genie\u00dfen die dadurch entstehenden Vorteile, wie Zimmerschl\u00fcssel als QR-Code auf dem eigenen Handy. Dazu erhalten Sie 2 Tage vor Anreise eine E-Mail von uns, mit [&hellip;]<\/p>\n","protected":false},"author":259,"featured_media":606,"parent":271,"menu_order":50,"comment_status":"closed","ping_status":"closed","template":"","meta":{"footnotes":""},"class_list":["post-495","page","type-page","status-publish","has-post-thumbnail","hentry"],"yoast_head":"<!-- This site is optimized with the Yoast SEO plugin v26.9 - https:\/\/yoast.com\/product\/yoast-seo-wordpress\/ -->\n<title>Online-check-in - Awa Hotel<\/title>\n<meta name=\"robots\" content=\"index, follow, max-snippet:-1, max-image-preview:large, max-video-preview:-1\" \/>\n<link rel=\"canonical\" href=\"https:\/\/www.awa-hotel.com\/de\/ueber-awa\/online-check-in\/\" \/>\n<meta property=\"og:locale\" content=\"de_DE\" \/>\n<meta property=\"og:type\" content=\"article\" \/>\n<meta property=\"og:title\" content=\"Online-check-in - Awa Hotel\" \/>\n<meta property=\"og:description\" content=\"Sie haben auf Ihrer Reise nach M\u00fcnchen noch ein wenig Zeit und w\u00fcrden die Wartezeit an der Rezeption gerne verringern? Dann erledigen Sie doch direkt schon den online Check-in und genie\u00dfen die dadurch entstehenden Vorteile, wie Zimmerschl\u00fcssel als QR-Code auf dem eigenen Handy. Dazu erhalten Sie 2 Tage vor Anreise eine E-Mail von uns, mit [&hellip;]\" \/>\n<meta property=\"og:url\" content=\"https:\/\/www.awa-hotel.com\/de\/ueber-awa\/online-check-in\/\" \/>\n<meta property=\"og:site_name\" content=\"Awa Hotel\" \/>\n<meta property=\"article:modified_time\" content=\"2025-04-02T08:19:05+00:00\" \/>\n<meta property=\"og:image\" content=\"https:\/\/www.awa-hotel.com\/wp-content\/uploads\/sites\/229\/2025\/04\/straiv_Fotos-3.png\" \/>\n\t<meta property=\"og:image:width\" content=\"600\" \/>\n\t<meta property=\"og:image:height\" content=\"400\" \/>\n\t<meta property=\"og:image:type\" content=\"image\/png\" \/>\n<meta name=\"twitter:card\" content=\"summary_large_image\" \/>\n<meta name=\"twitter:label1\" content=\"Gesch\u00e4tzte Lesezeit\" \/>\n\t<meta name=\"twitter:data1\" content=\"1 Minute\" \/>\n<script type=\"application\/ld+json\" class=\"yoast-schema-graph\">{\"@context\":\"https:\/\/schema.org\",\"@graph\":[{\"@type\":\"WebPage\",\"@id\":\"https:\/\/www.awa-hotel.com\/de\/ueber-awa\/online-check-in\/\",\"url\":\"https:\/\/www.awa-hotel.com\/de\/ueber-awa\/online-check-in\/\",\"name\":\"Online-check-in - Awa Hotel\",\"isPartOf\":{\"@id\":\"https:\/\/www.awa-hotel.com\/de\/#website\"},\"primaryImageOfPage\":{\"@id\":\"https:\/\/www.awa-hotel.com\/de\/ueber-awa\/online-check-in\/#primaryimage\"},\"image\":{\"@id\":\"https:\/\/www.awa-hotel.com\/de\/ueber-awa\/online-check-in\/#primaryimage\"},\"thumbnailUrl\":\"https:\/\/www.awa-hotel.com\/wp-content\/uploads\/sites\/229\/2025\/04\/straiv_Fotos-3.png\",\"datePublished\":\"2022-05-02T10:46:56+00:00\",\"dateModified\":\"2025-04-02T08:19:05+00:00\",\"breadcrumb\":{\"@id\":\"https:\/\/www.awa-hotel.com\/de\/ueber-awa\/online-check-in\/#breadcrumb\"},\"inLanguage\":\"de-DE\",\"potentialAction\":[{\"@type\":\"ReadAction\",\"target\":[\"https:\/\/www.awa-hotel.com\/de\/ueber-awa\/online-check-in\/\"]}]},{\"@type\":\"ImageObject\",\"inLanguage\":\"de-DE\",\"@id\":\"https:\/\/www.awa-hotel.com\/de\/ueber-awa\/online-check-in\/#primaryimage\",\"url\":\"https:\/\/www.awa-hotel.com\/wp-content\/uploads\/sites\/229\/2025\/04\/straiv_Fotos-3.png\",\"contentUrl\":\"https:\/\/www.awa-hotel.com\/wp-content\/uploads\/sites\/229\/2025\/04\/straiv_Fotos-3.png\",\"width\":600,\"height\":400},{\"@type\":\"BreadcrumbList\",\"@id\":\"https:\/\/www.awa-hotel.com\/de\/ueber-awa\/online-check-in\/#breadcrumb\",\"itemListElement\":[{\"@type\":\"ListItem\",\"position\":1,\"name\":\"Home\",\"item\":\"https:\/\/www.awa-hotel.com\/de\/\"},{\"@type\":\"ListItem\",\"position\":2,\"name\":\"\u00dcber AWA\",\"item\":\"https:\/\/www.awa-hotel.com\/de\/ueber-awa\/\"},{\"@type\":\"ListItem\",\"position\":3,\"name\":\"Online-check-in\"}]},{\"@type\":\"WebSite\",\"@id\":\"https:\/\/www.awa-hotel.com\/de\/#website\",\"url\":\"https:\/\/www.awa-hotel.com\/de\/\",\"name\":\"Awa Hotel\",\"description\":\"\",\"potentialAction\":[{\"@type\":\"SearchAction\",\"target\":{\"@type\":\"EntryPoint\",\"urlTemplate\":\"https:\/\/www.awa-hotel.com\/de\/?s={search_term_string}\"},\"query-input\":{\"@type\":\"PropertyValueSpecification\",\"valueRequired\":true,\"valueName\":\"search_term_string\"}}],\"inLanguage\":\"de-DE\"}]}<\/script>\n<!-- \/ Yoast SEO plugin. -->","yoast_head_json":{"title":"Online-check-in - Awa Hotel","robots":{"index":"index","follow":"follow","max-snippet":"max-snippet:-1","max-image-preview":"max-image-preview:large","max-video-preview":"max-video-preview:-1"},"canonical":"https:\/\/www.awa-hotel.com\/de\/ueber-awa\/online-check-in\/","og_locale":"de_DE","og_type":"article","og_title":"Online-check-in - Awa Hotel","og_description":"Sie haben auf Ihrer Reise nach M\u00fcnchen noch ein wenig Zeit und w\u00fcrden die Wartezeit an der Rezeption gerne verringern? Dann erledigen Sie doch direkt schon den online Check-in und genie\u00dfen die dadurch entstehenden Vorteile, wie Zimmerschl\u00fcssel als QR-Code auf dem eigenen Handy. Dazu erhalten Sie 2 Tage vor Anreise eine E-Mail von uns, mit [&hellip;]","og_url":"https:\/\/www.awa-hotel.com\/de\/ueber-awa\/online-check-in\/","og_site_name":"Awa Hotel","article_modified_time":"2025-04-02T08:19:05+00:00","og_image":[{"width":600,"height":400,"url":"https:\/\/www.awa-hotel.com\/wp-content\/uploads\/sites\/229\/2025\/04\/straiv_Fotos-3.png","type":"image\/png"}],"twitter_card":"summary_large_image","twitter_misc":{"Gesch\u00e4tzte Lesezeit":"1 Minute"},"schema":{"@context":"https:\/\/schema.org","@graph":[{"@type":"WebPage","@id":"https:\/\/www.awa-hotel.com\/de\/ueber-awa\/online-check-in\/","url":"https:\/\/www.awa-hotel.com\/de\/ueber-awa\/online-check-in\/","name":"Online-check-in - Awa Hotel","isPartOf":{"@id":"https:\/\/www.awa-hotel.com\/de\/#website"},"primaryImageOfPage":{"@id":"https:\/\/www.awa-hotel.com\/de\/ueber-awa\/online-check-in\/#primaryimage"},"image":{"@id":"https:\/\/www.awa-hotel.com\/de\/ueber-awa\/online-check-in\/#primaryimage"},"thumbnailUrl":"https:\/\/www.awa-hotel.com\/wp-content\/uploads\/sites\/229\/2025\/04\/straiv_Fotos-3.png","datePublished":"2022-05-02T10:46:56+00:00","dateModified":"2025-04-02T08:19:05+00:00","breadcrumb":{"@id":"https:\/\/www.awa-hotel.com\/de\/ueber-awa\/online-check-in\/#breadcrumb"},"inLanguage":"de-DE","potentialAction":[{"@type":"ReadAction","target":["https:\/\/www.awa-hotel.com\/de\/ueber-awa\/online-check-in\/"]}]},{"@type":"ImageObject","inLanguage":"de-DE","@id":"https:\/\/www.awa-hotel.com\/de\/ueber-awa\/online-check-in\/#primaryimage","url":"https:\/\/www.awa-hotel.com\/wp-content\/uploads\/sites\/229\/2025\/04\/straiv_Fotos-3.png","contentUrl":"https:\/\/www.awa-hotel.com\/wp-content\/uploads\/sites\/229\/2025\/04\/straiv_Fotos-3.png","width":600,"height":400},{"@type":"BreadcrumbList","@id":"https:\/\/www.awa-hotel.com\/de\/ueber-awa\/online-check-in\/#breadcrumb","itemListElement":[{"@type":"ListItem","position":1,"name":"Home","item":"https:\/\/www.awa-hotel.com\/de\/"},{"@type":"ListItem","position":2,"name":"\u00dcber AWA","item":"https:\/\/www.awa-hotel.com\/de\/ueber-awa\/"},{"@type":"ListItem","position":3,"name":"Online-check-in"}]},{"@type":"WebSite","@id":"https:\/\/www.awa-hotel.com\/de\/#website","url":"https:\/\/www.awa-hotel.com\/de\/","name":"Awa Hotel","description":"","potentialAction":[{"@type":"SearchAction","target":{"@type":"EntryPoint","urlTemplate":"https:\/\/www.awa-hotel.com\/de\/?s={search_term_string}"},"query-input":{"@type":"PropertyValueSpecification","valueRequired":true,"valueName":"search_term_string"}}],"inLanguage":"de-DE"}]}},"acf":[],"_links":{"self":[{"href":"https:\/\/www.awa-hotel.com\/de\/wp-json\/wp\/v2\/pages\/495","targetHints":{"allow":["GET"]}}],"collection":[{"href":"https:\/\/www.awa-hotel.com\/de\/wp-json\/wp\/v2\/pages"}],"about":[{"href":"https:\/\/www.awa-hotel.com\/de\/wp-json\/wp\/v2\/types\/page"}],"author":[{"embeddable":true,"href":"https:\/\/www.awa-hotel.com\/de\/wp-json\/wp\/v2\/users\/259"}],"replies":[{"embeddable":true,"href":"https:\/\/www.awa-hotel.com\/de\/wp-json\/wp\/v2\/comments?post=495"}],"version-history":[{"count":0,"href":"https:\/\/www.awa-hotel.com\/de\/wp-json\/wp\/v2\/pages\/495\/revisions"}],"up":[{"embeddable":true,"href":"https:\/\/www.awa-hotel.com\/de\/wp-json\/wp\/v2\/pages\/271"}],"wp:featuredmedia":[{"embeddable":true,"href":"https:\/\/www.awa-hotel.com\/de\/wp-json\/wp\/v2\/media\/606"}],"wp:attachment":[{"href":"https:\/\/www.awa-hotel.com\/de\/wp-json\/wp\/v2\/media?parent=495"}],"curies":[{"name":"wp","href":"https:\/\/api.w.org\/{rel}","templated":true}]}}